{"id":3178,"date":"2025-01-17T13:33:48","date_gmt":"2025-01-17T13:33:48","guid":{"rendered":"https:\/\/hotelgrumsbarcelona.com\/politique-de-confidentialite\/"},"modified":"2025-07-18T17:07:34","modified_gmt":"2025-07-18T17:07:34","slug":"politique-de-confidentialite","status":"publish","type":"page","link":"https:\/\/hotelgrumsbarcelona.com\/fr\/politique-de-confidentialite\/","title":{"rendered":"Politique de confidentialit\u00e9<br>"},"content":{"rendered":"\t\t<div data-elementor-type=\"wp-page\" data-elementor-id=\"3178\" class=\"elementor elementor-3178 elementor-3\" data-elementor-post-type=\"page\">\n\t\t\t\t<div class=\"elementor-element elementor-element-36a3300 e-flex e-con-boxed e-con e-parent\" data-id=\"36a3300\" data-element_type=\"container\" data-e-type=\"container\" data-settings=\"{&quot;background_background&quot;:&quot;classic&quot;}\">\n\t\t\t\t\t<div class=\"e-con-inner\">\n\t\t\t\t<div class=\"elementor-element elementor-element-8c8fb24 elementor-widget elementor-widget-heading\" data-id=\"8c8fb24\" data-element_type=\"widget\" data-e-type=\"widget\" data-widget_type=\"heading.default\">\n\t\t\t\t<div class=\"elementor-widget-container\">\n\t\t\t\t\t<h2 class=\"elementor-heading-title elementor-size-default\">POLITIQUE DE CONFIDENTIALIT\u00c9<\/h2>\t\t\t\t<\/div>\n\t\t\t\t<\/div>\n\t\t\t\t\t<\/div>\n\t\t\t\t<\/div>\n\t\t<div class=\"elementor-element elementor-element-20b2e848 e-flex e-con-boxed e-con e-parent\" data-id=\"20b2e848\" data-element_type=\"container\" data-e-type=\"container\">\n\t\t\t\t\t<div class=\"e-con-inner\">\n\t\t\t\t<div class=\"elementor-element elementor-element-3da1b686 elementor-widget elementor-widget-text-editor\" data-id=\"3da1b686\" data-element_type=\"widget\" data-e-type=\"widget\" data-widget_type=\"text-editor.default\">\n\t\t\t\t<div class=\"elementor-widget-container\">\n\t\t\t\t\t\t\t\t\t<p data-pm-slice=\"1 3 []\"><strong>POLITIQUE DE CONFIDENTIALIT\u00c9<\/strong><\/p><p><strong>1. INTRODUCTION <\/strong> Chez HOTEL GRUMS BARCELONA, nous nous engageons \u00e0 prot\u00e9ger la confidentialit\u00e9 et la s\u00e9curit\u00e9 des donn\u00e9es personnelles de nos clients et visiteurs. Cette politique de confidentialit\u00e9 d\u00e9crit comment nous collectons, utilisons et prot\u00e9geons vos informations. <\/p><p><strong>2. RESPONSABLE DU TRAITEMENT DES DONN\u00c9ES<\/strong><\/p><ul data-spread=\"false\"><li><p><strong>Nom<\/strong> : HOTEL GRUMS BARCELONE<\/p><\/li><li><p><strong>Adresse<\/strong> : Palaudaries 26, Barcelone 08004, Espagne<\/p><\/li><li><p><strong>T\u00e9l\u00e9phone<\/strong>: +34 934 420 666<\/p><\/li><li><p><strong>E-mail<\/strong>: <a>info@hotelgrums.com<\/a><\/p><\/li><\/ul><p><strong>3. DONN\u00c9ES QUE NOUS COLLECTONS<\/strong> Nous pouvons collecter et traiter les donn\u00e9es personnelles suivantes :<\/p><ul data-spread=\"false\"><li><p>Nom et pr\u00e9nom<\/p><\/li><li><p>Coordonn\u00e9es (t\u00e9l\u00e9phone, email, adresse postale)<\/p><\/li><li><p>Pr\u00e9f\u00e9rences et d\u00e9tails de r\u00e9servation<\/p><\/li><li><p>Informations sur votre utilisation de notre site Web (cookies et technologies similaires)<\/p><\/li><\/ul><p><strong>4. FINALIT\u00c9 DU TRAITEMENT<\/strong> Nous utilisons vos donn\u00e9es personnelles aux fins suivantes :<\/p><ul data-spread=\"false\"><li><p>G\u00e9rer les r\u00e9servations et la fourniture de services d&rsquo;h\u00e9bergement<\/p><\/li><li><p>R\u00e9pondre aux requ\u00eates et demandes d&rsquo;informations<\/p><\/li><li><p>Envoyer des communications commerciales, des promotions et des offres (si vous avez donn\u00e9 votre consentement)<\/p><\/li><li><p>Am\u00e9liorer l&rsquo;exp\u00e9rience utilisateur sur notre site Web<\/p><\/li><li><p>Se conformer \u00e0 nos obligations l\u00e9gales et r\u00e9glementaires<\/p><\/li><\/ul><p><strong>5. BASE JURIDIQUE DU TRAITEMENT <\/strong> Le traitement de vos donn\u00e9es personnelles est bas\u00e9 sur :<\/p><ul data-spread=\"false\"><li><p>Ex\u00e9cution d&rsquo;un contrat d&rsquo;h\u00e9bergement<\/p><\/li><li><p>Votre consentement expr\u00e8s \u00e0 recevoir des communications commerciales<\/p><\/li><li><p>Respect des obligations l\u00e9gales applicables<\/p><\/li><li><p>Notre int\u00e9r\u00eat l\u00e9gitime \u00e0 am\u00e9liorer nos services et l&rsquo;exp\u00e9rience utilisateur<\/p><\/li><\/ul><p><strong>6. PARTAGE DES DONN\u00c9ES<\/strong> Vos donn\u00e9es peuvent \u00eatre partag\u00e9es avec :<\/p><ul data-spread=\"false\"><li><p>Prestataires de services qui nous assistent dans la gestion des r\u00e9servations et des paiements<\/p><\/li><li><p>Les autorit\u00e9s publiques lorsque la loi l&rsquo;exige<\/p><\/li><li><p>Soci\u00e9t\u00e9s partenaires \u00e0 des fins de marketing (avec consentement pr\u00e9alable)<\/p><\/li><\/ul><p><strong>7. CONSERVATION DES DONN\u00c9ES<\/strong> Vos donn\u00e9es seront conserv\u00e9es pendant le temps n\u00e9cessaire \u00e0 la r\u00e9alisation des finalit\u00e9s du traitement ou jusqu&rsquo;\u00e0 ce que vous demandiez leur suppression, sauf dans les cas o\u00f9 la loi exige leur conservation.<\/p><p><strong>8. DROITS DE L&rsquo;UTILISATEUR<\/strong> Vous avez le droit de :<\/p><ul data-spread=\"false\"><li><p>Acc\u00e9der \u00e0 vos donn\u00e9es personnelles<\/p><\/li><li><p>Rectifier les donn\u00e9es inexactes ou incompl\u00e8tes<\/p><\/li><li><p>Demander la suppression de vos donn\u00e9es<\/p><\/li><li><p>Limitez le traitement de vos donn\u00e9es<\/p><\/li><li><p>S&rsquo;opposer au traitement dans certaines circonstances<\/p><\/li><li><p>Demandez la portabilit\u00e9 de vos donn\u00e9es<\/p><\/li><\/ul><p>Pour exercer ces droits, vous pouvez nous contacter \u00e0 <a><strong>info@hotelgrums.com<\/strong><\/a>.<\/p><p><strong>9. MESURES DE S\u00c9CURIT\u00c9 <\/strong> Nous mettons en \u0153uvre des mesures techniques et organisationnelles appropri\u00e9es pour assurer la s\u00e9curit\u00e9 de vos donn\u00e9es personnelles et emp\u00eacher tout acc\u00e8s non autoris\u00e9, toute alt\u00e9ration ou perte.<\/p><p><strong>10. POLITIQUE DE COOKIES<\/strong> Nous utilisons des cookies pour am\u00e9liorer votre exp\u00e9rience sur notre site Web. Vous pouvez consulter notre <strong>Politique de Cookies<\/strong> pour plus d&rsquo;informations sur leur utilisation et leur param\u00e9trage. <\/p><p><strong>11. MODIFICATIONS DE LA POLITIQUE DE CONFIDENTIALIT\u00c9<\/strong> Nous nous r\u00e9servons le droit de mettre \u00e0 jour cette politique de confidentialit\u00e9 \u00e0 tout moment. Il est recommand\u00e9 de consulter r\u00e9guli\u00e8rement cette section pour rester inform\u00e9 des changements. <\/p><p><strong>12. CONTACT<\/strong> Si vous avez des questions sur cette politique de confidentialit\u00e9 ou sur le traitement de vos donn\u00e9es, vous pouvez nous contacter \u00e0 :<\/p><ul data-spread=\"false\"><li><p><strong>E-mail<\/strong>: <a>info@hotelgrums.com<\/a><\/p><\/li><li><p><strong>T\u00e9l\u00e9phone<\/strong>: +34 934 420 666<\/p><\/li><li><p><strong>Adresse<\/strong> : Palaudaries 26, Barcelone 08004, Espagne<\/p><\/li><\/ul>\t\t\t\t\t\t\t\t<\/div>\n\t\t\t\t<\/div>\n\t\t\t\t\t<\/div>\n\t\t\t\t<\/div>\n\t\t\t\t<\/div>\n\t\t","protected":false},"excerpt":{"rendered":"<p>POLITIQUE DE CONFIDENTIALIT\u00c9 POLITIQUE DE CONFIDENTIALIT\u00c9 1. INTRODUCTION Chez HOTEL GRUMS BARCELONA, nous nous engageons \u00e0 prot\u00e9ger la confidentialit\u00e9 et la s\u00e9curit\u00e9 des donn\u00e9es personnelles de nos clients et visiteurs. Cette politique de confidentialit\u00e9 d\u00e9crit comment nous collectons, utilisons et prot\u00e9geons vos informations. 2. RESPONSABLE DU TRAITEMENT DES DONN\u00c9ES Nom : HOTEL GRUMS BARCELONE Adresse [&hellip;]<\/p>\n","protected":false},"author":1,"featured_media":2373,"parent":0,"menu_order":0,"comment_status":"closed","ping_status":"closed","template":"","meta":{"_monsterinsights_skip_tracking":false,"_monsterinsights_sitenote_active":false,"_monsterinsights_sitenote_note":"","_monsterinsights_sitenote_category":0,"_uf_show_specific_survey":0,"_uf_disable_surveys":false,"footnotes":""},"class_list":["post-3178","page","type-page","status-publish","has-post-thumbnail","hentry"],"yoast_head":"<!-- This site is optimized with the Yoast SEO plugin v27.5 - https:\/\/yoast.com\/product\/yoast-seo-wordpress\/ -->\n<title>Politique de confidentialit\u00e9<\/title>\n<meta name=\"description\" content=\"Politique de confidentialit\u00e9 de l&#039;H\u00f4tel Grums et SPA Barcelone\" \/>\n<meta name=\"robots\" content=\"index, follow, max-snippet:-1, max-image-preview:large, max-video-preview:-1\" \/>\n<link rel=\"canonical\" href=\"https:\/\/hotelgrumsbarcelona.com\/fr\/politique-de-confidentialite\/\" \/>\n<meta property=\"og:locale\" content=\"fr_FR\" \/>\n<meta property=\"og:type\" content=\"article\" \/>\n<meta property=\"og:title\" content=\"Politique de confidentialit\u00e9\" \/>\n<meta property=\"og:description\" content=\"Politique de confidentialit\u00e9 de l&#039;H\u00f4tel Grums et SPA Barcelone\" \/>\n<meta property=\"og:url\" content=\"https:\/\/hotelgrumsbarcelona.com\/fr\/politique-de-confidentialite\/\" \/>\n<meta property=\"og:site_name\" content=\"Grums\" \/>\n<meta property=\"article:publisher\" content=\"https:\/\/www.facebook.com\/HotelGrumsBarcelona\/\" \/>\n<meta property=\"article:modified_time\" content=\"2025-07-18T17:07:34+00:00\" \/>\n<meta property=\"og:image\" content=\"https:\/\/hotelgrumsbarcelona.com\/wp-content\/uploads\/2025\/02\/ce84b053-6b65-49bd-a622-79d23a713f8a-768.webp\" \/>\n\t<meta property=\"og:image:width\" content=\"768\" \/>\n\t<meta property=\"og:image:height\" content=\"513\" \/>\n\t<meta property=\"og:image:type\" content=\"image\/webp\" \/>\n<meta name=\"twitter:card\" content=\"summary_large_image\" \/>\n<meta name=\"twitter:site\" content=\"@grumsbarcelona\" \/>\n<meta name=\"twitter:label1\" content=\"Dur\u00e9e de lecture estim\u00e9e\" \/>\n\t<meta name=\"twitter:data1\" content=\"2 minutes\" \/>\n<script type=\"application\/ld+json\" class=\"yoast-schema-graph\">{\"@context\":\"https:\\\/\\\/schema.org\",\"@graph\":[{\"@type\":\"WebPage\",\"@id\":\"https:\\\/\\\/hotelgrumsbarcelona.com\\\/fr\\\/politique-de-confidentialite\\\/\",\"url\":\"https:\\\/\\\/hotelgrumsbarcelona.com\\\/fr\\\/politique-de-confidentialite\\\/\",\"name\":\"Politique de confidentialit\u00e9\",\"isPartOf\":{\"@id\":\"https:\\\/\\\/hotelgrumsbarcelona.com\\\/#website\"},\"primaryImageOfPage\":{\"@id\":\"https:\\\/\\\/hotelgrumsbarcelona.com\\\/fr\\\/politique-de-confidentialite\\\/#primaryimage\"},\"image\":{\"@id\":\"https:\\\/\\\/hotelgrumsbarcelona.com\\\/fr\\\/politique-de-confidentialite\\\/#primaryimage\"},\"thumbnailUrl\":\"https:\\\/\\\/hotelgrumsbarcelona.com\\\/wp-content\\\/uploads\\\/2025\\\/02\\\/ce84b053-6b65-49bd-a622-79d23a713f8a-768.webp\",\"datePublished\":\"2025-01-17T13:33:48+00:00\",\"dateModified\":\"2025-07-18T17:07:34+00:00\",\"description\":\"Politique de confidentialit\u00e9 de l'H\u00f4tel Grums et SPA Barcelone\",\"breadcrumb\":{\"@id\":\"https:\\\/\\\/hotelgrumsbarcelona.com\\\/fr\\\/politique-de-confidentialite\\\/#breadcrumb\"},\"inLanguage\":\"fr-FR\",\"potentialAction\":[{\"@type\":\"ReadAction\",\"target\":[\"https:\\\/\\\/hotelgrumsbarcelona.com\\\/fr\\\/politique-de-confidentialite\\\/\"]}]},{\"@type\":\"ImageObject\",\"inLanguage\":\"fr-FR\",\"@id\":\"https:\\\/\\\/hotelgrumsbarcelona.com\\\/fr\\\/politique-de-confidentialite\\\/#primaryimage\",\"url\":\"https:\\\/\\\/hotelgrumsbarcelona.com\\\/wp-content\\\/uploads\\\/2025\\\/02\\\/ce84b053-6b65-49bd-a622-79d23a713f8a-768.webp\",\"contentUrl\":\"https:\\\/\\\/hotelgrumsbarcelona.com\\\/wp-content\\\/uploads\\\/2025\\\/02\\\/ce84b053-6b65-49bd-a622-79d23a713f8a-768.webp\",\"width\":768,\"height\":513},{\"@type\":\"BreadcrumbList\",\"@id\":\"https:\\\/\\\/hotelgrumsbarcelona.com\\\/fr\\\/politique-de-confidentialite\\\/#breadcrumb\",\"itemListElement\":[{\"@type\":\"ListItem\",\"position\":1,\"name\":\"Portada\",\"item\":\"https:\\\/\\\/hotelgrumsbarcelona.com\\\/\"},{\"@type\":\"ListItem\",\"position\":2,\"name\":\"Politique de confidentialit\u00e9\"}]},{\"@type\":\"WebSite\",\"@id\":\"https:\\\/\\\/hotelgrumsbarcelona.com\\\/#website\",\"url\":\"https:\\\/\\\/hotelgrumsbarcelona.com\\\/\",\"name\":\"Hotel Grums & SPA Barcelona\",\"description\":\"Hotel Grums &amp; SPA en Barcelona. Hotel c\u00e9ntrico en Barcelona\",\"publisher\":{\"@id\":\"https:\\\/\\\/hotelgrumsbarcelona.com\\\/#organization\"},\"alternateName\":\"Hotel Grums & SPA Barcelona\",\"potentialAction\":[{\"@type\":\"SearchAction\",\"target\":{\"@type\":\"EntryPoint\",\"urlTemplate\":\"https:\\\/\\\/hotelgrumsbarcelona.com\\\/?s={search_term_string}\"},\"query-input\":{\"@type\":\"PropertyValueSpecification\",\"valueRequired\":true,\"valueName\":\"search_term_string\"}}],\"inLanguage\":\"fr-FR\"},{\"@type\":\"Organization\",\"@id\":\"https:\\\/\\\/hotelgrumsbarcelona.com\\\/#organization\",\"name\":\"Hotel Grums Barcelona\",\"url\":\"https:\\\/\\\/hotelgrumsbarcelona.com\\\/\",\"logo\":{\"@type\":\"ImageObject\",\"inLanguage\":\"fr-FR\",\"@id\":\"https:\\\/\\\/hotelgrumsbarcelona.com\\\/#\\\/schema\\\/logo\\\/image\\\/\",\"url\":\"https:\\\/\\\/hotelgrumsbarcelona.com\\\/wp-content\\\/uploads\\\/2025\\\/01\\\/cropped-Recurso-21.png\",\"contentUrl\":\"https:\\\/\\\/hotelgrumsbarcelona.com\\\/wp-content\\\/uploads\\\/2025\\\/01\\\/cropped-Recurso-21.png\",\"width\":512,\"height\":512,\"caption\":\"Hotel Grums Barcelona\"},\"image\":{\"@id\":\"https:\\\/\\\/hotelgrumsbarcelona.com\\\/#\\\/schema\\\/logo\\\/image\\\/\"},\"sameAs\":[\"https:\\\/\\\/www.facebook.com\\\/HotelGrumsBarcelona\\\/\",\"https:\\\/\\\/x.com\\\/grumsbarcelona\",\"https:\\\/\\\/www.instagram.com\\\/grumshotelspa\\\/\"]}]}<\/script>\n<!-- \/ Yoast SEO plugin. -->","yoast_head_json":{"title":"Politique de confidentialit\u00e9","description":"Politique de confidentialit\u00e9 de l'H\u00f4tel Grums et SPA Barcelone","robots":{"index":"index","follow":"follow","max-snippet":"max-snippet:-1","max-image-preview":"max-image-preview:large","max-video-preview":"max-video-preview:-1"},"canonical":"https:\/\/hotelgrumsbarcelona.com\/fr\/politique-de-confidentialite\/","og_locale":"fr_FR","og_type":"article","og_title":"Politique de confidentialit\u00e9","og_description":"Politique de confidentialit\u00e9 de l'H\u00f4tel Grums et SPA Barcelone","og_url":"https:\/\/hotelgrumsbarcelona.com\/fr\/politique-de-confidentialite\/","og_site_name":"Grums","article_publisher":"https:\/\/www.facebook.com\/HotelGrumsBarcelona\/","article_modified_time":"2025-07-18T17:07:34+00:00","og_image":[{"width":768,"height":513,"url":"https:\/\/hotelgrumsbarcelona.com\/wp-content\/uploads\/2025\/02\/ce84b053-6b65-49bd-a622-79d23a713f8a-768.webp","type":"image\/webp"}],"twitter_card":"summary_large_image","twitter_site":"@grumsbarcelona","twitter_misc":{"Dur\u00e9e de lecture estim\u00e9e":"2 minutes"},"schema":{"@context":"https:\/\/schema.org","@graph":[{"@type":"WebPage","@id":"https:\/\/hotelgrumsbarcelona.com\/fr\/politique-de-confidentialite\/","url":"https:\/\/hotelgrumsbarcelona.com\/fr\/politique-de-confidentialite\/","name":"Politique de confidentialit\u00e9","isPartOf":{"@id":"https:\/\/hotelgrumsbarcelona.com\/#website"},"primaryImageOfPage":{"@id":"https:\/\/hotelgrumsbarcelona.com\/fr\/politique-de-confidentialite\/#primaryimage"},"image":{"@id":"https:\/\/hotelgrumsbarcelona.com\/fr\/politique-de-confidentialite\/#primaryimage"},"thumbnailUrl":"https:\/\/hotelgrumsbarcelona.com\/wp-content\/uploads\/2025\/02\/ce84b053-6b65-49bd-a622-79d23a713f8a-768.webp","datePublished":"2025-01-17T13:33:48+00:00","dateModified":"2025-07-18T17:07:34+00:00","description":"Politique de confidentialit\u00e9 de l'H\u00f4tel Grums et SPA Barcelone","breadcrumb":{"@id":"https:\/\/hotelgrumsbarcelona.com\/fr\/politique-de-confidentialite\/#breadcrumb"},"inLanguage":"fr-FR","potentialAction":[{"@type":"ReadAction","target":["https:\/\/hotelgrumsbarcelona.com\/fr\/politique-de-confidentialite\/"]}]},{"@type":"ImageObject","inLanguage":"fr-FR","@id":"https:\/\/hotelgrumsbarcelona.com\/fr\/politique-de-confidentialite\/#primaryimage","url":"https:\/\/hotelgrumsbarcelona.com\/wp-content\/uploads\/2025\/02\/ce84b053-6b65-49bd-a622-79d23a713f8a-768.webp","contentUrl":"https:\/\/hotelgrumsbarcelona.com\/wp-content\/uploads\/2025\/02\/ce84b053-6b65-49bd-a622-79d23a713f8a-768.webp","width":768,"height":513},{"@type":"BreadcrumbList","@id":"https:\/\/hotelgrumsbarcelona.com\/fr\/politique-de-confidentialite\/#breadcrumb","itemListElement":[{"@type":"ListItem","position":1,"name":"Portada","item":"https:\/\/hotelgrumsbarcelona.com\/"},{"@type":"ListItem","position":2,"name":"Politique de confidentialit\u00e9"}]},{"@type":"WebSite","@id":"https:\/\/hotelgrumsbarcelona.com\/#website","url":"https:\/\/hotelgrumsbarcelona.com\/","name":"Hotel Grums & SPA Barcelona","description":"Hotel Grums &amp; SPA en Barcelona. Hotel c\u00e9ntrico en Barcelona","publisher":{"@id":"https:\/\/hotelgrumsbarcelona.com\/#organization"},"alternateName":"Hotel Grums & SPA Barcelona","potentialAction":[{"@type":"SearchAction","target":{"@type":"EntryPoint","urlTemplate":"https:\/\/hotelgrumsbarcelona.com\/?s={search_term_string}"},"query-input":{"@type":"PropertyValueSpecification","valueRequired":true,"valueName":"search_term_string"}}],"inLanguage":"fr-FR"},{"@type":"Organization","@id":"https:\/\/hotelgrumsbarcelona.com\/#organization","name":"Hotel Grums Barcelona","url":"https:\/\/hotelgrumsbarcelona.com\/","logo":{"@type":"ImageObject","inLanguage":"fr-FR","@id":"https:\/\/hotelgrumsbarcelona.com\/#\/schema\/logo\/image\/","url":"https:\/\/hotelgrumsbarcelona.com\/wp-content\/uploads\/2025\/01\/cropped-Recurso-21.png","contentUrl":"https:\/\/hotelgrumsbarcelona.com\/wp-content\/uploads\/2025\/01\/cropped-Recurso-21.png","width":512,"height":512,"caption":"Hotel Grums Barcelona"},"image":{"@id":"https:\/\/hotelgrumsbarcelona.com\/#\/schema\/logo\/image\/"},"sameAs":["https:\/\/www.facebook.com\/HotelGrumsBarcelona\/","https:\/\/x.com\/grumsbarcelona","https:\/\/www.instagram.com\/grumshotelspa\/"]}]}},"_links":{"self":[{"href":"https:\/\/hotelgrumsbarcelona.com\/fr\/wp-json\/wp\/v2\/pages\/3178","targetHints":{"allow":["GET"]}}],"collection":[{"href":"https:\/\/hotelgrumsbarcelona.com\/fr\/wp-json\/wp\/v2\/pages"}],"about":[{"href":"https:\/\/hotelgrumsbarcelona.com\/fr\/wp-json\/wp\/v2\/types\/page"}],"author":[{"embeddable":true,"href":"https:\/\/hotelgrumsbarcelona.com\/fr\/wp-json\/wp\/v2\/users\/1"}],"replies":[{"embeddable":true,"href":"https:\/\/hotelgrumsbarcelona.com\/fr\/wp-json\/wp\/v2\/comments?post=3178"}],"version-history":[{"count":0,"href":"https:\/\/hotelgrumsbarcelona.com\/fr\/wp-json\/wp\/v2\/pages\/3178\/revisions"}],"wp:featuredmedia":[{"embeddable":true,"href":"https:\/\/hotelgrumsbarcelona.com\/fr\/wp-json\/wp\/v2\/media\/2373"}],"wp:attachment":[{"href":"https:\/\/hotelgrumsbarcelona.com\/fr\/wp-json\/wp\/v2\/media?parent=3178"}],"curies":[{"name":"wp","href":"https:\/\/api.w.org\/{rel}","templated":true}]}}