{"id":3182,"date":"2025-01-17T13:33:48","date_gmt":"2025-01-17T13:33:48","guid":{"rendered":"https:\/\/hotelgrumsbarcelona.com\/datenschutzrichtlinie\/"},"modified":"2025-07-18T17:07:34","modified_gmt":"2025-07-18T17:07:34","slug":"datenschutzrichtlinie","status":"publish","type":"page","link":"https:\/\/hotelgrumsbarcelona.com\/de\/datenschutzrichtlinie\/","title":{"rendered":"Datenschutzrichtlinie"},"content":{"rendered":"\t\t<div data-elementor-type=\"wp-page\" data-elementor-id=\"3182\" class=\"elementor elementor-3182 elementor-3\" data-elementor-post-type=\"page\">\n\t\t\t\t<div class=\"elementor-element elementor-element-36a3300 e-flex e-con-boxed e-con e-parent\" data-id=\"36a3300\" data-element_type=\"container\" data-e-type=\"container\" data-settings=\"{&quot;background_background&quot;:&quot;classic&quot;}\">\n\t\t\t\t\t<div class=\"e-con-inner\">\n\t\t\t\t<div class=\"elementor-element elementor-element-8c8fb24 elementor-widget elementor-widget-heading\" data-id=\"8c8fb24\" data-element_type=\"widget\" data-e-type=\"widget\" data-widget_type=\"heading.default\">\n\t\t\t\t<div class=\"elementor-widget-container\">\n\t\t\t\t\t<h2 class=\"elementor-heading-title elementor-size-default\">DATENSCHUTZRICHTLINIE<\/h2>\t\t\t\t<\/div>\n\t\t\t\t<\/div>\n\t\t\t\t\t<\/div>\n\t\t\t\t<\/div>\n\t\t<div class=\"elementor-element elementor-element-20b2e848 e-flex e-con-boxed e-con e-parent\" data-id=\"20b2e848\" data-element_type=\"container\" data-e-type=\"container\">\n\t\t\t\t\t<div class=\"e-con-inner\">\n\t\t\t\t<div class=\"elementor-element elementor-element-3da1b686 elementor-widget elementor-widget-text-editor\" data-id=\"3da1b686\" data-element_type=\"widget\" data-e-type=\"widget\" data-widget_type=\"text-editor.default\">\n\t\t\t\t<div class=\"elementor-widget-container\">\n\t\t\t\t\t\t\t\t\t<p data-pm-slice=\"1 3 []\"><strong>DATENSCHUTZRICHTLINIE<\/strong><\/p><p><strong>1. EINLEITUNG<\/strong> Im HOTEL GRUMS BARCELONA verpflichten wir uns, die Privatsph\u00e4re und Sicherheit der pers\u00f6nlichen Daten unserer Kunden und Besucher zu sch\u00fctzen. Diese Datenschutzrichtlinie beschreibt, wie wir Ihre Daten erfassen, verwenden und sch\u00fctzen. <\/p><p><strong>2. VERANTWORTLICHER F\u00dcR DIE VERARBEITUNG<\/strong><\/p><ul data-spread=\"false\"><li><p><strong>Name:<\/strong> HOTEL GRUMS BARCELONA<\/p><\/li><li><p><strong>Adresse<\/strong>: Palaudaries 26, Barcelona 08004, Spanien<\/p><\/li><li><p><strong>Telefon<\/strong>: +34 934 420 666<\/p><\/li><li><p><strong>E-Mail:<\/strong> <a>info@hotelgrums.com<\/a><\/p><\/li><\/ul><p><strong>3. VON UNS ERHOBENE DATEN<\/strong> Wir k\u00f6nnen die folgenden personenbezogenen Daten erheben und verarbeiten:<\/p><ul data-spread=\"false\"><li><p>Vor- und Nachname<\/p><\/li><li><p>Kontaktdaten (Telefon, E-Mail, Postanschrift)<\/p><\/li><li><p>Pr\u00e4ferenzen und Buchungsdetails<\/p><\/li><li><p>Informationen \u00fcber Ihre Nutzung unserer Website (Cookies und \u00e4hnliche Technologien)<\/p><\/li><\/ul><p><strong>4. ZWECK DER VERARBEITUNG<\/strong> Wir nutzen Ihre personenbezogenen Daten f\u00fcr folgende Zwecke:<\/p><ul data-spread=\"false\"><li><p>Verwalten Sie Reservierungen und bieten Sie Unterkunftsdienste an<\/p><\/li><li><p>Beantwortung von Anfragen und Informationsanfragen<\/p><\/li><li><p>Senden Sie kommerzielle Mitteilungen, Werbeaktionen und Angebote (sofern Sie Ihre Zustimmung erteilt haben)<\/p><\/li><li><p>Verbessern Sie das Benutzererlebnis auf unserer Website<\/p><\/li><li><p>Einhaltung unserer gesetzlichen und regulatorischen Verpflichtungen<\/p><\/li><\/ul><p><strong>5. RECHTSGRUNDLAGE F\u00dcR DIE VERARBEITUNG<\/strong> Die Verarbeitung Ihrer personenbezogenen Daten basiert auf:<\/p><ul data-spread=\"false\"><li><p>Abschluss eines Beherbergungsvertrages<\/p><\/li><li><p>Ihre ausdr\u00fcckliche Zustimmung zum Erhalt kommerzieller Mitteilungen<\/p><\/li><li><p>Einhaltung geltender gesetzlicher Verpflichtungen<\/p><\/li><li><p>Unser berechtigtes Interesse an der Verbesserung unserer Dienste und des Benutzererlebnisses<\/p><\/li><\/ul><p><strong>6. DATENWEITERGABE<\/strong> Ihre Daten k\u00f6nnen weitergegeben werden an:<\/p><ul data-spread=\"false\"><li><p>Dienstleister, die uns bei der Verwaltung von Reservierungen und Zahlungen unterst\u00fctzen<\/p><\/li><li><p>\u00d6ffentliche Stellen, wenn dies gesetzlich vorgeschrieben ist<\/p><\/li><li><p>Partnerunternehmen f\u00fcr Marketingzwecke (mit vorheriger Zustimmung)<\/p><\/li><\/ul><p><strong>7. DATENAUFBEWAHRUNG<\/strong> Ihre Daten werden so lange gespeichert, wie es f\u00fcr die Erf\u00fcllung der Verarbeitungszwecke erforderlich ist, oder bis Sie deren L\u00f6schung verlangen, au\u00dfer in F\u00e4llen, in denen das Gesetz deren Aufbewahrung vorschreibt.<\/p><p><strong>8. BENUTZERRECHTE<\/strong> Sie haben das Recht:<\/p><ul data-spread=\"false\"><li><p>Zugriff auf Ihre pers\u00f6nlichen Daten<\/p><\/li><li><p>Berichtigung unrichtiger oder unvollst\u00e4ndiger Daten<\/p><\/li><li><p>Fordern Sie die L\u00f6schung Ihrer Daten an<\/p><\/li><li><p>Beschr\u00e4nken Sie die Verarbeitung Ihrer Daten<\/p><\/li><li><p>Widerspruch gegen die Verarbeitung unter bestimmten Umst\u00e4nden<\/p><\/li><li><p>Fordern Sie die Portabilit\u00e4t Ihrer Daten an<\/p><\/li><\/ul><p>Um diese Rechte auszu\u00fcben, k\u00f6nnen Sie uns unter folgender Adresse kontaktieren: <a><strong>info@hotelgrums.com<\/strong><\/a>.<\/p><p><strong>9. SICHERHEITSMASSNAHMEN<\/strong> Wir setzen geeignete technische und organisatorische Ma\u00dfnahmen ein, um die Sicherheit Ihrer personenbezogenen Daten zu gew\u00e4hrleisten und unbefugten Zugriff, \u00c4nderungen oder Verlust zu verhindern.<\/p><p><strong>10. COOKIE-RICHTLINIE<\/strong> Wir verwenden Cookies, um Ihr Erlebnis auf unserer Website zu verbessern. Weitere Informationen zu deren Verwendung und Konfiguration finden Sie in unserer <strong>Cookie-Richtlinie.<\/strong> <\/p><p><strong>11. \u00c4NDERUNGEN DER DATENSCHUTZERKL\u00c4RUNG<\/strong> Wir behalten uns das Recht vor, diese Datenschutzrichtlinie jederzeit zu aktualisieren. Es wird empfohlen, diesen Abschnitt regelm\u00e4\u00dfig durchzusehen, um \u00fcber \u00c4nderungen informiert zu bleiben. <\/p><p><strong>12. KONTAKT<\/strong> Wenn Sie Fragen zu dieser Datenschutzrichtlinie oder zur Verarbeitung Ihrer Daten haben, k\u00f6nnen Sie uns wie folgt kontaktieren:<\/p><ul data-spread=\"false\"><li><p><strong>E-Mail<\/strong>: <a>info@hotelgrums.com<\/a><\/p><\/li><li><p><strong>Telefon<\/strong>: +34 934 420 666<\/p><\/li><li><p><strong>Adresse<\/strong>: Palaudaries 26, Barcelona 08004, Spanien<\/p><\/li><\/ul>\t\t\t\t\t\t\t\t<\/div>\n\t\t\t\t<\/div>\n\t\t\t\t\t<\/div>\n\t\t\t\t<\/div>\n\t\t\t\t<\/div>\n\t\t","protected":false},"excerpt":{"rendered":"<p>DATENSCHUTZRICHTLINIE DATENSCHUTZRICHTLINIE 1. EINLEITUNG Im HOTEL GRUMS BARCELONA verpflichten wir uns, die Privatsph\u00e4re und Sicherheit der pers\u00f6nlichen Daten unserer Kunden und Besucher zu sch\u00fctzen. Diese Datenschutzrichtlinie beschreibt, wie wir Ihre Daten erfassen, verwenden und sch\u00fctzen. 2. VERANTWORTLICHER F\u00dcR DIE VERARBEITUNG Name: HOTEL GRUMS BARCELONA Adresse: Palaudaries 26, Barcelona 08004, Spanien Telefon: +34 934 420 666 [&hellip;]<\/p>\n","protected":false},"author":1,"featured_media":2374,"parent":0,"menu_order":0,"comment_status":"closed","ping_status":"closed","template":"","meta":{"_monsterinsights_skip_tracking":false,"_monsterinsights_sitenote_active":false,"_monsterinsights_sitenote_note":"","_monsterinsights_sitenote_category":0,"_uf_show_specific_survey":0,"_uf_disable_surveys":false,"footnotes":""},"class_list":["post-3182","page","type-page","status-publish","has-post-thumbnail","hentry"],"yoast_head":"<!-- This site is optimized with the Yoast SEO plugin v27.4 - https:\/\/yoast.com\/product\/yoast-seo-wordpress\/ -->\n<title>Datenschutzrichtlinie<\/title>\n<meta name=\"description\" content=\"Datenschutzrichtlinie des Hotel Grums and SPA Barcelona\" \/>\n<meta name=\"robots\" content=\"index, follow, max-snippet:-1, max-image-preview:large, max-video-preview:-1\" \/>\n<link rel=\"canonical\" href=\"https:\/\/hotelgrumsbarcelona.com\/de\/datenschutzrichtlinie\/\" \/>\n<meta property=\"og:locale\" content=\"de_DE\" \/>\n<meta property=\"og:type\" content=\"article\" \/>\n<meta property=\"og:title\" content=\"Datenschutzrichtlinie\" \/>\n<meta property=\"og:description\" content=\"Datenschutzrichtlinie des Hotel Grums and SPA Barcelona\" \/>\n<meta property=\"og:url\" content=\"https:\/\/hotelgrumsbarcelona.com\/de\/datenschutzrichtlinie\/\" \/>\n<meta property=\"og:site_name\" content=\"Grums\" \/>\n<meta property=\"article:publisher\" content=\"https:\/\/www.facebook.com\/HotelGrumsBarcelona\/\" \/>\n<meta property=\"article:modified_time\" content=\"2025-07-18T17:07:34+00:00\" \/>\n<meta property=\"og:image\" content=\"https:\/\/hotelgrumsbarcelona.com\/wp-content\/uploads\/2025\/02\/ce84b053-6b65-49bd-a622-79d23a713f8a-768.webp\" \/>\n\t<meta property=\"og:image:width\" content=\"768\" \/>\n\t<meta property=\"og:image:height\" content=\"513\" \/>\n\t<meta property=\"og:image:type\" content=\"image\/webp\" \/>\n<meta name=\"twitter:card\" content=\"summary_large_image\" \/>\n<meta name=\"twitter:site\" content=\"@grumsbarcelona\" \/>\n<meta name=\"twitter:label1\" content=\"Gesch\u00e4tzte Lesezeit\" \/>\n\t<meta name=\"twitter:data1\" content=\"2\u00a0Minuten\" \/>\n<script type=\"application\/ld+json\" class=\"yoast-schema-graph\">{\"@context\":\"https:\\\/\\\/schema.org\",\"@graph\":[{\"@type\":\"WebPage\",\"@id\":\"https:\\\/\\\/hotelgrumsbarcelona.com\\\/de\\\/datenschutzrichtlinie\\\/\",\"url\":\"https:\\\/\\\/hotelgrumsbarcelona.com\\\/de\\\/datenschutzrichtlinie\\\/\",\"name\":\"Datenschutzrichtlinie\",\"isPartOf\":{\"@id\":\"https:\\\/\\\/hotelgrumsbarcelona.com\\\/#website\"},\"primaryImageOfPage\":{\"@id\":\"https:\\\/\\\/hotelgrumsbarcelona.com\\\/de\\\/datenschutzrichtlinie\\\/#primaryimage\"},\"image\":{\"@id\":\"https:\\\/\\\/hotelgrumsbarcelona.com\\\/de\\\/datenschutzrichtlinie\\\/#primaryimage\"},\"thumbnailUrl\":\"https:\\\/\\\/hotelgrumsbarcelona.com\\\/wp-content\\\/uploads\\\/2025\\\/02\\\/ce84b053-6b65-49bd-a622-79d23a713f8a-768.webp\",\"datePublished\":\"2025-01-17T13:33:48+00:00\",\"dateModified\":\"2025-07-18T17:07:34+00:00\",\"description\":\"Datenschutzrichtlinie des Hotel Grums and SPA Barcelona\",\"breadcrumb\":{\"@id\":\"https:\\\/\\\/hotelgrumsbarcelona.com\\\/de\\\/datenschutzrichtlinie\\\/#breadcrumb\"},\"inLanguage\":\"de\",\"potentialAction\":[{\"@type\":\"ReadAction\",\"target\":[\"https:\\\/\\\/hotelgrumsbarcelona.com\\\/de\\\/datenschutzrichtlinie\\\/\"]}]},{\"@type\":\"ImageObject\",\"inLanguage\":\"de\",\"@id\":\"https:\\\/\\\/hotelgrumsbarcelona.com\\\/de\\\/datenschutzrichtlinie\\\/#primaryimage\",\"url\":\"https:\\\/\\\/hotelgrumsbarcelona.com\\\/wp-content\\\/uploads\\\/2025\\\/02\\\/ce84b053-6b65-49bd-a622-79d23a713f8a-768.webp\",\"contentUrl\":\"https:\\\/\\\/hotelgrumsbarcelona.com\\\/wp-content\\\/uploads\\\/2025\\\/02\\\/ce84b053-6b65-49bd-a622-79d23a713f8a-768.webp\",\"width\":768,\"height\":513},{\"@type\":\"BreadcrumbList\",\"@id\":\"https:\\\/\\\/hotelgrumsbarcelona.com\\\/de\\\/datenschutzrichtlinie\\\/#breadcrumb\",\"itemListElement\":[{\"@type\":\"ListItem\",\"position\":1,\"name\":\"Portada\",\"item\":\"https:\\\/\\\/hotelgrumsbarcelona.com\\\/\"},{\"@type\":\"ListItem\",\"position\":2,\"name\":\"Datenschutzrichtlinie\"}]},{\"@type\":\"WebSite\",\"@id\":\"https:\\\/\\\/hotelgrumsbarcelona.com\\\/#website\",\"url\":\"https:\\\/\\\/hotelgrumsbarcelona.com\\\/\",\"name\":\"Hotel Grums & SPA Barcelona\",\"description\":\"Hotel Grums &amp; SPA en Barcelona. Hotel c\u00e9ntrico en Barcelona\",\"publisher\":{\"@id\":\"https:\\\/\\\/hotelgrumsbarcelona.com\\\/#organization\"},\"alternateName\":\"Hotel Grums & SPA Barcelona\",\"potentialAction\":[{\"@type\":\"SearchAction\",\"target\":{\"@type\":\"EntryPoint\",\"urlTemplate\":\"https:\\\/\\\/hotelgrumsbarcelona.com\\\/?s={search_term_string}\"},\"query-input\":{\"@type\":\"PropertyValueSpecification\",\"valueRequired\":true,\"valueName\":\"search_term_string\"}}],\"inLanguage\":\"de\"},{\"@type\":\"Organization\",\"@id\":\"https:\\\/\\\/hotelgrumsbarcelona.com\\\/#organization\",\"name\":\"Hotel Grums Barcelona\",\"url\":\"https:\\\/\\\/hotelgrumsbarcelona.com\\\/\",\"logo\":{\"@type\":\"ImageObject\",\"inLanguage\":\"de\",\"@id\":\"https:\\\/\\\/hotelgrumsbarcelona.com\\\/#\\\/schema\\\/logo\\\/image\\\/\",\"url\":\"https:\\\/\\\/hotelgrumsbarcelona.com\\\/wp-content\\\/uploads\\\/2025\\\/01\\\/cropped-Recurso-21.png\",\"contentUrl\":\"https:\\\/\\\/hotelgrumsbarcelona.com\\\/wp-content\\\/uploads\\\/2025\\\/01\\\/cropped-Recurso-21.png\",\"width\":512,\"height\":512,\"caption\":\"Hotel Grums Barcelona\"},\"image\":{\"@id\":\"https:\\\/\\\/hotelgrumsbarcelona.com\\\/#\\\/schema\\\/logo\\\/image\\\/\"},\"sameAs\":[\"https:\\\/\\\/www.facebook.com\\\/HotelGrumsBarcelona\\\/\",\"https:\\\/\\\/x.com\\\/grumsbarcelona\",\"https:\\\/\\\/www.instagram.com\\\/grumshotelspa\\\/\"]}]}<\/script>\n<!-- \/ Yoast SEO plugin. -->","yoast_head_json":{"title":"Datenschutzrichtlinie","description":"Datenschutzrichtlinie des Hotel Grums and SPA Barcelona","robots":{"index":"index","follow":"follow","max-snippet":"max-snippet:-1","max-image-preview":"max-image-preview:large","max-video-preview":"max-video-preview:-1"},"canonical":"https:\/\/hotelgrumsbarcelona.com\/de\/datenschutzrichtlinie\/","og_locale":"de_DE","og_type":"article","og_title":"Datenschutzrichtlinie","og_description":"Datenschutzrichtlinie des Hotel Grums and SPA Barcelona","og_url":"https:\/\/hotelgrumsbarcelona.com\/de\/datenschutzrichtlinie\/","og_site_name":"Grums","article_publisher":"https:\/\/www.facebook.com\/HotelGrumsBarcelona\/","article_modified_time":"2025-07-18T17:07:34+00:00","og_image":[{"width":768,"height":513,"url":"https:\/\/hotelgrumsbarcelona.com\/wp-content\/uploads\/2025\/02\/ce84b053-6b65-49bd-a622-79d23a713f8a-768.webp","type":"image\/webp"}],"twitter_card":"summary_large_image","twitter_site":"@grumsbarcelona","twitter_misc":{"Gesch\u00e4tzte Lesezeit":"2\u00a0Minuten"},"schema":{"@context":"https:\/\/schema.org","@graph":[{"@type":"WebPage","@id":"https:\/\/hotelgrumsbarcelona.com\/de\/datenschutzrichtlinie\/","url":"https:\/\/hotelgrumsbarcelona.com\/de\/datenschutzrichtlinie\/","name":"Datenschutzrichtlinie","isPartOf":{"@id":"https:\/\/hotelgrumsbarcelona.com\/#website"},"primaryImageOfPage":{"@id":"https:\/\/hotelgrumsbarcelona.com\/de\/datenschutzrichtlinie\/#primaryimage"},"image":{"@id":"https:\/\/hotelgrumsbarcelona.com\/de\/datenschutzrichtlinie\/#primaryimage"},"thumbnailUrl":"https:\/\/hotelgrumsbarcelona.com\/wp-content\/uploads\/2025\/02\/ce84b053-6b65-49bd-a622-79d23a713f8a-768.webp","datePublished":"2025-01-17T13:33:48+00:00","dateModified":"2025-07-18T17:07:34+00:00","description":"Datenschutzrichtlinie des Hotel Grums and SPA Barcelona","breadcrumb":{"@id":"https:\/\/hotelgrumsbarcelona.com\/de\/datenschutzrichtlinie\/#breadcrumb"},"inLanguage":"de","potentialAction":[{"@type":"ReadAction","target":["https:\/\/hotelgrumsbarcelona.com\/de\/datenschutzrichtlinie\/"]}]},{"@type":"ImageObject","inLanguage":"de","@id":"https:\/\/hotelgrumsbarcelona.com\/de\/datenschutzrichtlinie\/#primaryimage","url":"https:\/\/hotelgrumsbarcelona.com\/wp-content\/uploads\/2025\/02\/ce84b053-6b65-49bd-a622-79d23a713f8a-768.webp","contentUrl":"https:\/\/hotelgrumsbarcelona.com\/wp-content\/uploads\/2025\/02\/ce84b053-6b65-49bd-a622-79d23a713f8a-768.webp","width":768,"height":513},{"@type":"BreadcrumbList","@id":"https:\/\/hotelgrumsbarcelona.com\/de\/datenschutzrichtlinie\/#breadcrumb","itemListElement":[{"@type":"ListItem","position":1,"name":"Portada","item":"https:\/\/hotelgrumsbarcelona.com\/"},{"@type":"ListItem","position":2,"name":"Datenschutzrichtlinie"}]},{"@type":"WebSite","@id":"https:\/\/hotelgrumsbarcelona.com\/#website","url":"https:\/\/hotelgrumsbarcelona.com\/","name":"Hotel Grums & SPA Barcelona","description":"Hotel Grums &amp; SPA en Barcelona. Hotel c\u00e9ntrico en Barcelona","publisher":{"@id":"https:\/\/hotelgrumsbarcelona.com\/#organization"},"alternateName":"Hotel Grums & SPA Barcelona","potentialAction":[{"@type":"SearchAction","target":{"@type":"EntryPoint","urlTemplate":"https:\/\/hotelgrumsbarcelona.com\/?s={search_term_string}"},"query-input":{"@type":"PropertyValueSpecification","valueRequired":true,"valueName":"search_term_string"}}],"inLanguage":"de"},{"@type":"Organization","@id":"https:\/\/hotelgrumsbarcelona.com\/#organization","name":"Hotel Grums Barcelona","url":"https:\/\/hotelgrumsbarcelona.com\/","logo":{"@type":"ImageObject","inLanguage":"de","@id":"https:\/\/hotelgrumsbarcelona.com\/#\/schema\/logo\/image\/","url":"https:\/\/hotelgrumsbarcelona.com\/wp-content\/uploads\/2025\/01\/cropped-Recurso-21.png","contentUrl":"https:\/\/hotelgrumsbarcelona.com\/wp-content\/uploads\/2025\/01\/cropped-Recurso-21.png","width":512,"height":512,"caption":"Hotel Grums Barcelona"},"image":{"@id":"https:\/\/hotelgrumsbarcelona.com\/#\/schema\/logo\/image\/"},"sameAs":["https:\/\/www.facebook.com\/HotelGrumsBarcelona\/","https:\/\/x.com\/grumsbarcelona","https:\/\/www.instagram.com\/grumshotelspa\/"]}]}},"_links":{"self":[{"href":"https:\/\/hotelgrumsbarcelona.com\/de\/wp-json\/wp\/v2\/pages\/3182","targetHints":{"allow":["GET"]}}],"collection":[{"href":"https:\/\/hotelgrumsbarcelona.com\/de\/wp-json\/wp\/v2\/pages"}],"about":[{"href":"https:\/\/hotelgrumsbarcelona.com\/de\/wp-json\/wp\/v2\/types\/page"}],"author":[{"embeddable":true,"href":"https:\/\/hotelgrumsbarcelona.com\/de\/wp-json\/wp\/v2\/users\/1"}],"replies":[{"embeddable":true,"href":"https:\/\/hotelgrumsbarcelona.com\/de\/wp-json\/wp\/v2\/comments?post=3182"}],"version-history":[{"count":0,"href":"https:\/\/hotelgrumsbarcelona.com\/de\/wp-json\/wp\/v2\/pages\/3182\/revisions"}],"wp:featuredmedia":[{"embeddable":true,"href":"https:\/\/hotelgrumsbarcelona.com\/de\/wp-json\/wp\/v2\/media\/2374"}],"wp:attachment":[{"href":"https:\/\/hotelgrumsbarcelona.com\/de\/wp-json\/wp\/v2\/media?parent=3182"}],"curies":[{"name":"wp","href":"https:\/\/api.w.org\/{rel}","templated":true}]}}