{"id":2712,"date":"2025-02-17T16:19:31","date_gmt":"2025-02-17T16:19:31","guid":{"rendered":"https:\/\/hotelgrumsbarcelona.com\/rechtliche-hinweise\/"},"modified":"2025-03-04T16:47:43","modified_gmt":"2025-03-04T16:47:43","slug":"rechtliche-hinweise","status":"publish","type":"page","link":"https:\/\/hotelgrumsbarcelona.com\/de\/rechtliche-hinweise\/","title":{"rendered":"Rechtliche Hinweise"},"content":{"rendered":"\t\t<div data-elementor-type=\"wp-page\" data-elementor-id=\"2712\" class=\"elementor elementor-2712 elementor-2485\" data-elementor-post-type=\"page\">\n\t\t\t\t<div class=\"elementor-element elementor-element-36a3300 e-flex e-con-boxed e-con e-parent\" data-id=\"36a3300\" data-element_type=\"container\" data-e-type=\"container\" data-settings=\"{&quot;background_background&quot;:&quot;classic&quot;}\">\n\t\t\t\t\t<div class=\"e-con-inner\">\n\t\t\t\t<div class=\"elementor-element elementor-element-8c8fb24 elementor-widget elementor-widget-heading\" data-id=\"8c8fb24\" data-element_type=\"widget\" data-e-type=\"widget\" data-widget_type=\"heading.default\">\n\t\t\t\t<div class=\"elementor-widget-container\">\n\t\t\t\t\t<h2 class=\"elementor-heading-title elementor-size-default\">Rechtliche Hinweise<\/h2>\t\t\t\t<\/div>\n\t\t\t\t<\/div>\n\t\t\t\t\t<\/div>\n\t\t\t\t<\/div>\n\t\t<div class=\"elementor-element elementor-element-20b2e848 e-flex e-con-boxed e-con e-parent\" data-id=\"20b2e848\" data-element_type=\"container\" data-e-type=\"container\">\n\t\t\t\t\t<div class=\"e-con-inner\">\n\t\t\t\t<div class=\"elementor-element elementor-element-3da1b686 elementor-widget elementor-widget-text-editor\" data-id=\"3da1b686\" data-element_type=\"widget\" data-e-type=\"widget\" data-widget_type=\"text-editor.default\">\n\t\t\t\t<div class=\"elementor-widget-container\">\n\t\t\t\t\t\t\t\t\t<p data-pm-slice=\"1 1 []\">RECHTLICHER HINWEIS<\/p><ol start=\"1\" data-spread=\"false\"><li><p>ALLGEMEINE INFORMATIONEN In Erf\u00fcllung der Informationspflicht gem\u00e4\u00df Gesetz 34\/2002 \u00fcber Dienste der Informationsgesellschaft und elektronischen Handel (LSSICE) werden nachfolgend die allgemeinen Daten des Inhabers der Website angegeben:<\/p><\/li><\/ol><ul data-spread=\"false\"><li><p>Halter: Foxen building S.L <\/p><\/li><li><p>Adresse: Palaudaries 26, Barcelona 08004, Spanien<\/p><\/li><li><p>Telefon: +34 934 420 666<\/p><\/li><li><p>E-Mail: <a>info@hotelgrums.com<\/a><\/p><\/li><li><p>NIF: B62943089<\/p><\/li><\/ul><ol start=\"2\" data-spread=\"true\"><li><p>ALLGEMEINE NUTZUNGSBEDINGUNGEN Der Zugriff auf diese Website und ihre Nutzung verleihen Ihnen den Status eines Benutzers und setzen die vollst\u00e4ndigen und vorbehaltlosen Annahme dieser Nutzungsbedingungen voraus. Der Nutzer verpflichtet sich, die Website in \u00dcbereinstimmung mit den gesetzlichen Bestimmungen und diesen Bedingungen zu nutzen. <\/p><\/li><li><p>GEISTIGES UND GEWERBLICHES EIGENTUM Alle Inhalte dieser Website (Texte, Bilder, Logos, Software usw.) sind Eigentum von Foxen Building S.L oder Dritten und durch Gesetze zum Schutz geistigen und gewerblichen Eigentums gesch\u00fctzt. Die Vervielf\u00e4ltigung, Verbreitung oder \u00c4nderung dieser Inhalte ist ohne ausdr\u00fcckliche Genehmigung des Eigent\u00fcmers verboten. <\/p><\/li><li><p>HAFTUNGSBESCHR\u00c4NKUNG Foxen Building S.L. ist nicht verantwortlich f\u00fcr Sch\u00e4den, die durch die Nutzung der Website oder die Unm\u00f6glichkeit, darauf zuzugreifen, entstehen. Dar\u00fcber hinaus wird nicht garantiert, dass keine Viren oder andere Elemente vorhanden sind, die das Computersystem des Benutzers besch\u00e4digen k\u00f6nnten. <\/p><\/li><li><p>LINKS-RICHTLINIEN Diese Website kann Links zu Websites Dritter enthalten. Foxen Building S.L. \u00fcbernimmt keine Verantwortung f\u00fcr den Inhalt oder die Datenschutzrichtlinien solcher externen Websites. <\/p><\/li><li><p>SCHUTZ PERSONENBEZOGENER DATEN Die Verarbeitung der personenbezogenen Daten der Benutzer erfolgt gem\u00e4\u00df den Bestimmungen der Datenschutzrichtlinie, die auf dieser Website verf\u00fcgbar ist.<\/p><\/li><li><p>VERWENDUNG VON COOKIES Diese Website verwendet Cookies, um die Benutzererfahrung zu verbessern. Die Verwendung von Cookies wird gem\u00e4\u00df der auf der Website verf\u00fcgbaren Cookie-Richtlinie geregelt. <\/p><\/li><li><p>GELTENDE GESETZGEBUNG UND GERICHTSSTAND Diese Bedingungen unterliegen spanischem Recht. Zur Beilegung etwaiger Konflikte unterwerfen sich die Parteien der Gerichtsbarkeit der Gerichte von Barcelona und verzichten ausdr\u00fccklich auf jeden anderen Gerichtsstand, der f\u00fcr sie gelten k\u00f6nnte. <\/p><\/li><li><p>KONTAKT Bei Fragen zu diesem rechtlichen Hinweis k\u00f6nnen Sie sich an folgende Adresse wenden:<\/p><\/li><\/ol><ul data-spread=\"false\"><li><p>E-Mail: <a>info@hotelgrums.com<\/a><\/p><\/li><li><p>Telefon: +34 934 420 666<\/p><\/li><li><p>Adresse: Palaudaries 26, Barcelona 08004, Spanien<\/p><\/li><\/ul>\t\t\t\t\t\t\t\t<\/div>\n\t\t\t\t<\/div>\n\t\t\t\t\t<\/div>\n\t\t\t\t<\/div>\n\t\t\t\t<\/div>\n\t\t","protected":false},"excerpt":{"rendered":"<p>Rechtliche Hinweise RECHTLICHER HINWEIS ALLGEMEINE INFORMATIONEN In Erf\u00fcllung der Informationspflicht gem\u00e4\u00df Gesetz 34\/2002 \u00fcber Dienste der Informationsgesellschaft und elektronischen Handel (LSSICE) werden nachfolgend die allgemeinen Daten des Inhabers der Website angegeben: Halter: Foxen building S.L Adresse: Palaudaries 26, Barcelona 08004, Spanien Telefon: +34 934 420 666 E-Mail: info@hotelgrums.com NIF: B62943089 ALLGEMEINE NUTZUNGSBEDINGUNGEN Der Zugriff auf [&hellip;]<\/p>\n","protected":false},"author":1,"featured_media":2374,"parent":0,"menu_order":0,"comment_status":"closed","ping_status":"closed","template":"","meta":{"_monsterinsights_skip_tracking":false,"_monsterinsights_sitenote_active":false,"_monsterinsights_sitenote_note":"","_monsterinsights_sitenote_category":0,"_uf_show_specific_survey":0,"_uf_disable_surveys":false,"footnotes":""},"class_list":["post-2712","page","type-page","status-publish","has-post-thumbnail","hentry"],"yoast_head":"<!-- This site is optimized with the Yoast SEO plugin v27.3 - https:\/\/yoast.com\/product\/yoast-seo-wordpress\/ -->\n<title>Rechtliche Hinweise<\/title>\n<meta name=\"description\" content=\"Rechtlicher Hinweis zur Website des Hotel Grums Barcelona &amp; SPA\" \/>\n<meta name=\"robots\" content=\"index, follow, max-snippet:-1, max-image-preview:large, max-video-preview:-1\" \/>\n<link rel=\"canonical\" href=\"https:\/\/hotelgrumsbarcelona.com\/de\/rechtliche-hinweise\/\" \/>\n<meta property=\"og:locale\" content=\"de_DE\" \/>\n<meta property=\"og:type\" content=\"article\" \/>\n<meta property=\"og:title\" content=\"Rechtliche Hinweise\" \/>\n<meta property=\"og:description\" content=\"Rechtlicher Hinweis zur Website des Hotel Grums Barcelona &amp; SPA\" \/>\n<meta property=\"og:url\" content=\"https:\/\/hotelgrumsbarcelona.com\/de\/rechtliche-hinweise\/\" \/>\n<meta property=\"og:site_name\" content=\"Grums\" \/>\n<meta property=\"article:publisher\" content=\"https:\/\/www.facebook.com\/HotelGrumsBarcelona\/\" \/>\n<meta property=\"article:modified_time\" content=\"2025-03-04T16:47:43+00:00\" \/>\n<meta property=\"og:image\" content=\"https:\/\/hotelgrumsbarcelona.com\/wp-content\/uploads\/2025\/02\/ce84b053-6b65-49bd-a622-79d23a713f8a-768.webp\" \/>\n\t<meta property=\"og:image:width\" content=\"768\" \/>\n\t<meta property=\"og:image:height\" content=\"513\" \/>\n\t<meta property=\"og:image:type\" content=\"image\/webp\" \/>\n<meta name=\"twitter:card\" content=\"summary_large_image\" \/>\n<meta name=\"twitter:site\" content=\"@grumsbarcelona\" \/>\n<meta name=\"twitter:label1\" content=\"Gesch\u00e4tzte Lesezeit\" \/>\n\t<meta name=\"twitter:data1\" content=\"2\u00a0Minuten\" \/>\n<script type=\"application\/ld+json\" class=\"yoast-schema-graph\">{\"@context\":\"https:\\\/\\\/schema.org\",\"@graph\":[{\"@type\":\"WebPage\",\"@id\":\"https:\\\/\\\/hotelgrumsbarcelona.com\\\/de\\\/rechtliche-hinweise\\\/\",\"url\":\"https:\\\/\\\/hotelgrumsbarcelona.com\\\/de\\\/rechtliche-hinweise\\\/\",\"name\":\"Rechtliche Hinweise\",\"isPartOf\":{\"@id\":\"https:\\\/\\\/hotelgrumsbarcelona.com\\\/#website\"},\"primaryImageOfPage\":{\"@id\":\"https:\\\/\\\/hotelgrumsbarcelona.com\\\/de\\\/rechtliche-hinweise\\\/#primaryimage\"},\"image\":{\"@id\":\"https:\\\/\\\/hotelgrumsbarcelona.com\\\/de\\\/rechtliche-hinweise\\\/#primaryimage\"},\"thumbnailUrl\":\"https:\\\/\\\/hotelgrumsbarcelona.com\\\/wp-content\\\/uploads\\\/2025\\\/02\\\/ce84b053-6b65-49bd-a622-79d23a713f8a-768.webp\",\"datePublished\":\"2025-02-17T16:19:31+00:00\",\"dateModified\":\"2025-03-04T16:47:43+00:00\",\"description\":\"Rechtlicher Hinweis zur Website des Hotel Grums Barcelona & SPA\",\"breadcrumb\":{\"@id\":\"https:\\\/\\\/hotelgrumsbarcelona.com\\\/de\\\/rechtliche-hinweise\\\/#breadcrumb\"},\"inLanguage\":\"de\",\"potentialAction\":[{\"@type\":\"ReadAction\",\"target\":[\"https:\\\/\\\/hotelgrumsbarcelona.com\\\/de\\\/rechtliche-hinweise\\\/\"]}]},{\"@type\":\"ImageObject\",\"inLanguage\":\"de\",\"@id\":\"https:\\\/\\\/hotelgrumsbarcelona.com\\\/de\\\/rechtliche-hinweise\\\/#primaryimage\",\"url\":\"https:\\\/\\\/hotelgrumsbarcelona.com\\\/wp-content\\\/uploads\\\/2025\\\/02\\\/ce84b053-6b65-49bd-a622-79d23a713f8a-768.webp\",\"contentUrl\":\"https:\\\/\\\/hotelgrumsbarcelona.com\\\/wp-content\\\/uploads\\\/2025\\\/02\\\/ce84b053-6b65-49bd-a622-79d23a713f8a-768.webp\",\"width\":768,\"height\":513},{\"@type\":\"BreadcrumbList\",\"@id\":\"https:\\\/\\\/hotelgrumsbarcelona.com\\\/de\\\/rechtliche-hinweise\\\/#breadcrumb\",\"itemListElement\":[{\"@type\":\"ListItem\",\"position\":1,\"name\":\"Portada\",\"item\":\"https:\\\/\\\/hotelgrumsbarcelona.com\\\/\"},{\"@type\":\"ListItem\",\"position\":2,\"name\":\"Rechtliche Hinweise\"}]},{\"@type\":\"WebSite\",\"@id\":\"https:\\\/\\\/hotelgrumsbarcelona.com\\\/#website\",\"url\":\"https:\\\/\\\/hotelgrumsbarcelona.com\\\/\",\"name\":\"Hotel Grums & SPA Barcelona\",\"description\":\"Hotel Grums &amp; SPA en Barcelona. Hotel c\u00e9ntrico en Barcelona\",\"publisher\":{\"@id\":\"https:\\\/\\\/hotelgrumsbarcelona.com\\\/#organization\"},\"alternateName\":\"Hotel Grums & SPA Barcelona\",\"potentialAction\":[{\"@type\":\"SearchAction\",\"target\":{\"@type\":\"EntryPoint\",\"urlTemplate\":\"https:\\\/\\\/hotelgrumsbarcelona.com\\\/?s={search_term_string}\"},\"query-input\":{\"@type\":\"PropertyValueSpecification\",\"valueRequired\":true,\"valueName\":\"search_term_string\"}}],\"inLanguage\":\"de\"},{\"@type\":\"Organization\",\"@id\":\"https:\\\/\\\/hotelgrumsbarcelona.com\\\/#organization\",\"name\":\"Hotel Grums Barcelona\",\"url\":\"https:\\\/\\\/hotelgrumsbarcelona.com\\\/\",\"logo\":{\"@type\":\"ImageObject\",\"inLanguage\":\"de\",\"@id\":\"https:\\\/\\\/hotelgrumsbarcelona.com\\\/#\\\/schema\\\/logo\\\/image\\\/\",\"url\":\"https:\\\/\\\/hotelgrumsbarcelona.com\\\/wp-content\\\/uploads\\\/2025\\\/01\\\/cropped-Recurso-21.png\",\"contentUrl\":\"https:\\\/\\\/hotelgrumsbarcelona.com\\\/wp-content\\\/uploads\\\/2025\\\/01\\\/cropped-Recurso-21.png\",\"width\":512,\"height\":512,\"caption\":\"Hotel Grums Barcelona\"},\"image\":{\"@id\":\"https:\\\/\\\/hotelgrumsbarcelona.com\\\/#\\\/schema\\\/logo\\\/image\\\/\"},\"sameAs\":[\"https:\\\/\\\/www.facebook.com\\\/HotelGrumsBarcelona\\\/\",\"https:\\\/\\\/x.com\\\/grumsbarcelona\",\"https:\\\/\\\/www.instagram.com\\\/grumshotelspa\\\/\"]}]}<\/script>\n<!-- \/ Yoast SEO plugin. -->","yoast_head_json":{"title":"Rechtliche Hinweise","description":"Rechtlicher Hinweis zur Website des Hotel Grums Barcelona & SPA","robots":{"index":"index","follow":"follow","max-snippet":"max-snippet:-1","max-image-preview":"max-image-preview:large","max-video-preview":"max-video-preview:-1"},"canonical":"https:\/\/hotelgrumsbarcelona.com\/de\/rechtliche-hinweise\/","og_locale":"de_DE","og_type":"article","og_title":"Rechtliche Hinweise","og_description":"Rechtlicher Hinweis zur Website des Hotel Grums Barcelona & SPA","og_url":"https:\/\/hotelgrumsbarcelona.com\/de\/rechtliche-hinweise\/","og_site_name":"Grums","article_publisher":"https:\/\/www.facebook.com\/HotelGrumsBarcelona\/","article_modified_time":"2025-03-04T16:47:43+00:00","og_image":[{"width":768,"height":513,"url":"https:\/\/hotelgrumsbarcelona.com\/wp-content\/uploads\/2025\/02\/ce84b053-6b65-49bd-a622-79d23a713f8a-768.webp","type":"image\/webp"}],"twitter_card":"summary_large_image","twitter_site":"@grumsbarcelona","twitter_misc":{"Gesch\u00e4tzte Lesezeit":"2\u00a0Minuten"},"schema":{"@context":"https:\/\/schema.org","@graph":[{"@type":"WebPage","@id":"https:\/\/hotelgrumsbarcelona.com\/de\/rechtliche-hinweise\/","url":"https:\/\/hotelgrumsbarcelona.com\/de\/rechtliche-hinweise\/","name":"Rechtliche Hinweise","isPartOf":{"@id":"https:\/\/hotelgrumsbarcelona.com\/#website"},"primaryImageOfPage":{"@id":"https:\/\/hotelgrumsbarcelona.com\/de\/rechtliche-hinweise\/#primaryimage"},"image":{"@id":"https:\/\/hotelgrumsbarcelona.com\/de\/rechtliche-hinweise\/#primaryimage"},"thumbnailUrl":"https:\/\/hotelgrumsbarcelona.com\/wp-content\/uploads\/2025\/02\/ce84b053-6b65-49bd-a622-79d23a713f8a-768.webp","datePublished":"2025-02-17T16:19:31+00:00","dateModified":"2025-03-04T16:47:43+00:00","description":"Rechtlicher Hinweis zur Website des Hotel Grums Barcelona & SPA","breadcrumb":{"@id":"https:\/\/hotelgrumsbarcelona.com\/de\/rechtliche-hinweise\/#breadcrumb"},"inLanguage":"de","potentialAction":[{"@type":"ReadAction","target":["https:\/\/hotelgrumsbarcelona.com\/de\/rechtliche-hinweise\/"]}]},{"@type":"ImageObject","inLanguage":"de","@id":"https:\/\/hotelgrumsbarcelona.com\/de\/rechtliche-hinweise\/#primaryimage","url":"https:\/\/hotelgrumsbarcelona.com\/wp-content\/uploads\/2025\/02\/ce84b053-6b65-49bd-a622-79d23a713f8a-768.webp","contentUrl":"https:\/\/hotelgrumsbarcelona.com\/wp-content\/uploads\/2025\/02\/ce84b053-6b65-49bd-a622-79d23a713f8a-768.webp","width":768,"height":513},{"@type":"BreadcrumbList","@id":"https:\/\/hotelgrumsbarcelona.com\/de\/rechtliche-hinweise\/#breadcrumb","itemListElement":[{"@type":"ListItem","position":1,"name":"Portada","item":"https:\/\/hotelgrumsbarcelona.com\/"},{"@type":"ListItem","position":2,"name":"Rechtliche Hinweise"}]},{"@type":"WebSite","@id":"https:\/\/hotelgrumsbarcelona.com\/#website","url":"https:\/\/hotelgrumsbarcelona.com\/","name":"Hotel Grums & SPA Barcelona","description":"Hotel Grums &amp; SPA en Barcelona. Hotel c\u00e9ntrico en Barcelona","publisher":{"@id":"https:\/\/hotelgrumsbarcelona.com\/#organization"},"alternateName":"Hotel Grums & SPA Barcelona","potentialAction":[{"@type":"SearchAction","target":{"@type":"EntryPoint","urlTemplate":"https:\/\/hotelgrumsbarcelona.com\/?s={search_term_string}"},"query-input":{"@type":"PropertyValueSpecification","valueRequired":true,"valueName":"search_term_string"}}],"inLanguage":"de"},{"@type":"Organization","@id":"https:\/\/hotelgrumsbarcelona.com\/#organization","name":"Hotel Grums Barcelona","url":"https:\/\/hotelgrumsbarcelona.com\/","logo":{"@type":"ImageObject","inLanguage":"de","@id":"https:\/\/hotelgrumsbarcelona.com\/#\/schema\/logo\/image\/","url":"https:\/\/hotelgrumsbarcelona.com\/wp-content\/uploads\/2025\/01\/cropped-Recurso-21.png","contentUrl":"https:\/\/hotelgrumsbarcelona.com\/wp-content\/uploads\/2025\/01\/cropped-Recurso-21.png","width":512,"height":512,"caption":"Hotel Grums Barcelona"},"image":{"@id":"https:\/\/hotelgrumsbarcelona.com\/#\/schema\/logo\/image\/"},"sameAs":["https:\/\/www.facebook.com\/HotelGrumsBarcelona\/","https:\/\/x.com\/grumsbarcelona","https:\/\/www.instagram.com\/grumshotelspa\/"]}]}},"_links":{"self":[{"href":"https:\/\/hotelgrumsbarcelona.com\/de\/wp-json\/wp\/v2\/pages\/2712","targetHints":{"allow":["GET"]}}],"collection":[{"href":"https:\/\/hotelgrumsbarcelona.com\/de\/wp-json\/wp\/v2\/pages"}],"about":[{"href":"https:\/\/hotelgrumsbarcelona.com\/de\/wp-json\/wp\/v2\/types\/page"}],"author":[{"embeddable":true,"href":"https:\/\/hotelgrumsbarcelona.com\/de\/wp-json\/wp\/v2\/users\/1"}],"replies":[{"embeddable":true,"href":"https:\/\/hotelgrumsbarcelona.com\/de\/wp-json\/wp\/v2\/comments?post=2712"}],"version-history":[{"count":0,"href":"https:\/\/hotelgrumsbarcelona.com\/de\/wp-json\/wp\/v2\/pages\/2712\/revisions"}],"wp:featuredmedia":[{"embeddable":true,"href":"https:\/\/hotelgrumsbarcelona.com\/de\/wp-json\/wp\/v2\/media\/2374"}],"wp:attachment":[{"href":"https:\/\/hotelgrumsbarcelona.com\/de\/wp-json\/wp\/v2\/media?parent=2712"}],"curies":[{"name":"wp","href":"https:\/\/api.w.org\/{rel}","templated":true}]}}