{"id":3173,"date":"2025-01-17T13:33:48","date_gmt":"2025-01-17T13:33:48","guid":{"rendered":"https:\/\/hotelgrumsbarcelona.com\/politica-de-privacitat\/"},"modified":"2025-07-18T17:07:34","modified_gmt":"2025-07-18T17:07:34","slug":"politica-de-privacitat","status":"publish","type":"page","link":"https:\/\/hotelgrumsbarcelona.com\/ca\/politica-de-privacitat\/","title":{"rendered":"Pol\u00edtica de privacitat"},"content":{"rendered":"\t\t<div data-elementor-type=\"wp-page\" data-elementor-id=\"3173\" class=\"elementor elementor-3173 elementor-3\" data-elementor-post-type=\"page\">\n\t\t\t\t<div class=\"elementor-element elementor-element-36a3300 e-flex e-con-boxed e-con e-parent\" data-id=\"36a3300\" data-element_type=\"container\" data-e-type=\"container\" data-settings=\"{&quot;background_background&quot;:&quot;classic&quot;}\">\n\t\t\t\t\t<div class=\"e-con-inner\">\n\t\t\t\t<div class=\"elementor-element elementor-element-8c8fb24 elementor-widget elementor-widget-heading\" data-id=\"8c8fb24\" data-element_type=\"widget\" data-e-type=\"widget\" data-widget_type=\"heading.default\">\n\t\t\t\t<div class=\"elementor-widget-container\">\n\t\t\t\t\t<h2 class=\"elementor-heading-title elementor-size-default\">POL\u00cdTICA DE PRIVACITAT<\/h2>\t\t\t\t<\/div>\n\t\t\t\t<\/div>\n\t\t\t\t\t<\/div>\n\t\t\t\t<\/div>\n\t\t<div class=\"elementor-element elementor-element-20b2e848 e-flex e-con-boxed e-con e-parent\" data-id=\"20b2e848\" data-element_type=\"container\" data-e-type=\"container\">\n\t\t\t\t\t<div class=\"e-con-inner\">\n\t\t\t\t<div class=\"elementor-element elementor-element-3da1b686 elementor-widget elementor-widget-text-editor\" data-id=\"3da1b686\" data-element_type=\"widget\" data-e-type=\"widget\" data-widget_type=\"text-editor.default\">\n\t\t\t\t<div class=\"elementor-widget-container\">\n\t\t\t\t\t\t\t\t\t<p data-pm-slice=\"1 3 []\"><strong>POL\u00cdTICA DE PRIVACITAT<\/strong><\/p><p><strong>1. INTRODUCCI\u00d3<\/strong> A HOTEL GRUMS BARCELONA, ens comprometem a protegir la privadesa i seguretat de les dades personals dels nostres clients i visitants. Aquesta Pol\u00edtica de Privadesa descriu com recopilem, utilitzem i protegim la seva informaci\u00f3. <\/p><p><strong>2. RESPONSABLE DEL TRACTAMENT<\/strong><\/p><ul data-spread=\"false\"><li><p><strong>Nom:<\/strong> HOTEL GRUMS BARCELONA<\/p><\/li><li><p><strong>Direcci\u00f3<\/strong>: Palaudaries 26, Barcelona 08004, Espanya<\/p><\/li><li><p><strong>Tel\u00e8fon<\/strong>: +34 934 420 666<\/p><\/li><li><p><strong>Correu electr\u00f2nic<\/strong>: <a>info@hotelgrums.com<\/a><\/p><\/li><\/ul><p><strong>3. DADES QUE RECOPILEM<\/strong> Podem recopilar i processar les dades personals seg\u00fcents:<\/p><ul data-spread=\"false\"><li><p>Nom i cognoms<\/p><\/li><li><p>Dades de contacte (tel\u00e8fon, correu electr\u00f2nic, adre\u00e7a postal)<\/p><\/li><li><p>Prefer\u00e8ncies i detalls de reserva<\/p><\/li><li><p>Informaci\u00f3 sobre el seu \u00fas del nostre lloc web (cookies i tecnologies similars)<\/p><\/li><\/ul><p><strong>4. FINALITAT DEL TRACTAMENT<\/strong> Utilitzem les vostres dades personals per als seg\u00fcents fins:<\/p><ul data-spread=\"false\"><li><p>Gestionar reserves i prestaci\u00f3 de serveis d&#8217;allotjament<\/p><\/li><li><p>Respondre consultes i sol\u00b7licituds dinformaci\u00f3<\/p><\/li><li><p>Enviar comunicacions comercials, promocions i ofertes (si heu donat el vostre consentiment)<\/p><\/li><li><p>Millorar l&#8217;experi\u00e8ncia de l&#8217;usuari al nostre lloc web<\/p><\/li><li><p>Complir les nostres obligacions legals i regulat\u00f2ries<\/p><\/li><\/ul><p><strong>5. BASE LEGAL PER AL TRACTAMENT<\/strong> El tractament de les vostres dades personals es basa en:<\/p><ul data-spread=\"false\"><li><p>L&#8217;execuci\u00f3 d&#8217;un contracte d&#8217;allotjament<\/p><\/li><li><p>Su consentimiento expreso para recibir comunicaciones comerciales<\/p><\/li><li><p>El compliment d&#8217;obligacions legals aplicables<\/p><\/li><li><p>El nostre inter\u00e8s leg\u00edtim per millorar els nostres serveis i l&#8217;experi\u00e8ncia de l&#8217;usuari<\/p><\/li><\/ul><p><strong>6. COMPARTICI\u00d3 DE DADES<\/strong> Les vostres dades podran ser compartides amb:<\/p><ul data-spread=\"false\"><li><p>Prove\u00efdors de serveis que ens assisteixen en la gesti\u00f3 de reserves i pagaments<\/p><\/li><li><p>Autoritats p\u00fabliques quan sigui requerit per llei<\/p><\/li><li><p>Empreses col\u00b7laboradores per a fins de m\u00e0rqueting (previ consentiment)<\/p><\/li><\/ul><p><strong>7. CONSERVACI\u00d3 DE DADES<\/strong> Les vostres dades es conservaran durant el temps necessari per complir amb les finalitats del tractament o fins que sol\u00b7licite la seva eliminaci\u00f3, excepte en aquells casos en qu\u00e8 la llei exigeixi la seva conservaci\u00f3.<\/p><p><strong>8. DRETS DE L&#8217;USUARI<\/strong> Vost\u00e8 t\u00e9 dret a:<\/p><ul data-spread=\"false\"><li><p>Accedir a les vostres dades personals<\/p><\/li><li><p>Rectificar dades inexactes o incomplets<\/p><\/li><li><p>Sol\u00b7licitar l&#8217;eliminaci\u00f3 de les vostres dades<\/p><\/li><li><p>Limitar el tractament de les vostres dades<\/p><\/li><li><p>Oposar-se al tractament en determinades circumst\u00e0ncies<\/p><\/li><li><p>Sol\u00b7licitar la portabilitat de les vostres dades<\/p><\/li><\/ul><p>Per exercir aquests drets, podeu contactar amb nosaltres a <a><strong>info@hotelgrums.com<\/strong><\/a>.<\/p><p><strong>9. MESURES DE SEGURETAT<\/strong> Implementem mesures t\u00e8cniques i organitzatives adequades per garantir la seguretat de les vostres dades personals i prevenir accessos no autoritzats, alteracions o p\u00e8rdues.<\/p><p><strong>10. POL\u00cdTICA DE COOKIES<\/strong> Utilitzem cookies per millorar la seva experi\u00e8ncia a la nostra web. Podeu consultar la nostra <strong>Pol\u00edtica de Cookies<\/strong> per obtenir m\u00e9s informaci\u00f3 sobre el seu \u00fas i configuraci\u00f3. <\/p><p><strong>11. MODIFICACIONS DE LA POL\u00cdTICA DE PRIVACITAT <\/strong> Ens reservem el dret d&#8217;actualitzar aquesta Pol\u00edtica de Privadesa en qualsevol moment. Es recomana revisar peri\u00f2dicament aquesta secci\u00f3 per estar informat sobre els canvis. <\/p><p><strong>12. CONTACTE<\/strong> Si teniu dubtes sobre aquesta Pol\u00edtica de Privadesa o sobre el tractament de les vostres dades, podeu contactar-nos a:<\/p><ul data-spread=\"false\"><li><p><strong>Correu electr\u00f2nic:<\/strong> <a>info@hotelgrums.com<\/a><\/p><\/li><li><p><strong>Tel\u00e8fon<\/strong>: +34 934 420 666<\/p><\/li><li><p><strong>Direcci\u00f3<\/strong>: Palaudaries 26, Barcelona 08004, Espanya<\/p><\/li><\/ul>\t\t\t\t\t\t\t\t<\/div>\n\t\t\t\t<\/div>\n\t\t\t\t\t<\/div>\n\t\t\t\t<\/div>\n\t\t\t\t<\/div>\n\t\t","protected":false},"excerpt":{"rendered":"<p>POL\u00cdTICA DE PRIVACITAT POL\u00cdTICA DE PRIVACITAT 1. INTRODUCCI\u00d3 A HOTEL GRUMS BARCELONA, ens comprometem a protegir la privadesa i seguretat de les dades personals dels nostres clients i visitants. Aquesta Pol\u00edtica de Privadesa descriu com recopilem, utilitzem i protegim la seva informaci\u00f3. 2. RESPONSABLE DEL TRACTAMENT Nom: HOTEL GRUMS BARCELONA Direcci\u00f3: Palaudaries 26, Barcelona 08004, [&hellip;]<\/p>\n","protected":false},"author":1,"featured_media":2704,"parent":0,"menu_order":0,"comment_status":"closed","ping_status":"closed","template":"","meta":{"_monsterinsights_skip_tracking":false,"_monsterinsights_sitenote_active":false,"_monsterinsights_sitenote_note":"","_monsterinsights_sitenote_category":0,"_uf_show_specific_survey":0,"_uf_disable_surveys":false,"footnotes":""},"class_list":["post-3173","page","type-page","status-publish","has-post-thumbnail","hentry"],"yoast_head":"<!-- This site is optimized with the Yoast SEO plugin v27.4 - https:\/\/yoast.com\/product\/yoast-seo-wordpress\/ -->\n<title>Pol\u00edtica de privacitat<\/title>\n<meta name=\"description\" content=\"Pol\u00edtica de privadesa d&#039;Hotel Grums and SPA Barcelona\" \/>\n<meta name=\"robots\" content=\"index, follow, max-snippet:-1, max-image-preview:large, max-video-preview:-1\" \/>\n<link rel=\"canonical\" href=\"https:\/\/hotelgrumsbarcelona.com\/ca\/politica-de-privacitat\/\" \/>\n<meta property=\"og:locale\" content=\"ca_ES\" \/>\n<meta property=\"og:type\" content=\"article\" \/>\n<meta property=\"og:title\" content=\"Pol\u00edtica de privacitat\" \/>\n<meta property=\"og:description\" content=\"Pol\u00edtica de privadesa d&#039;Hotel Grums and SPA Barcelona\" \/>\n<meta property=\"og:url\" content=\"https:\/\/hotelgrumsbarcelona.com\/ca\/politica-de-privacitat\/\" \/>\n<meta property=\"og:site_name\" content=\"Grums\" \/>\n<meta property=\"article:publisher\" content=\"https:\/\/www.facebook.com\/HotelGrumsBarcelona\/\" \/>\n<meta property=\"article:modified_time\" content=\"2025-07-18T17:07:34+00:00\" \/>\n<meta property=\"og:image\" content=\"https:\/\/hotelgrumsbarcelona.com\/wp-content\/uploads\/2025\/02\/ce84b053-6b65-49bd-a622-79d23a713f8a-768.webp\" \/>\n\t<meta property=\"og:image:width\" content=\"768\" \/>\n\t<meta property=\"og:image:height\" content=\"513\" \/>\n\t<meta property=\"og:image:type\" content=\"image\/webp\" \/>\n<meta name=\"twitter:card\" content=\"summary_large_image\" \/>\n<meta name=\"twitter:site\" content=\"@grumsbarcelona\" \/>\n<meta name=\"twitter:label1\" content=\"Temps estimat de lectura\" \/>\n\t<meta name=\"twitter:data1\" content=\"2 minuts\" \/>\n<script type=\"application\/ld+json\" class=\"yoast-schema-graph\">{\"@context\":\"https:\\\/\\\/schema.org\",\"@graph\":[{\"@type\":\"WebPage\",\"@id\":\"https:\\\/\\\/hotelgrumsbarcelona.com\\\/ca\\\/politica-de-privacitat\\\/\",\"url\":\"https:\\\/\\\/hotelgrumsbarcelona.com\\\/ca\\\/politica-de-privacitat\\\/\",\"name\":\"Pol\u00edtica de privacitat\",\"isPartOf\":{\"@id\":\"https:\\\/\\\/hotelgrumsbarcelona.com\\\/#website\"},\"primaryImageOfPage\":{\"@id\":\"https:\\\/\\\/hotelgrumsbarcelona.com\\\/ca\\\/politica-de-privacitat\\\/#primaryimage\"},\"image\":{\"@id\":\"https:\\\/\\\/hotelgrumsbarcelona.com\\\/ca\\\/politica-de-privacitat\\\/#primaryimage\"},\"thumbnailUrl\":\"https:\\\/\\\/hotelgrumsbarcelona.com\\\/wp-content\\\/uploads\\\/2025\\\/02\\\/ce84b053-6b65-49bd-a622-79d23a713f8a-768.webp\",\"datePublished\":\"2025-01-17T13:33:48+00:00\",\"dateModified\":\"2025-07-18T17:07:34+00:00\",\"description\":\"Pol\u00edtica de privadesa d'Hotel Grums and SPA Barcelona\",\"breadcrumb\":{\"@id\":\"https:\\\/\\\/hotelgrumsbarcelona.com\\\/ca\\\/politica-de-privacitat\\\/#breadcrumb\"},\"inLanguage\":\"ca\",\"potentialAction\":[{\"@type\":\"ReadAction\",\"target\":[\"https:\\\/\\\/hotelgrumsbarcelona.com\\\/ca\\\/politica-de-privacitat\\\/\"]}]},{\"@type\":\"ImageObject\",\"inLanguage\":\"ca\",\"@id\":\"https:\\\/\\\/hotelgrumsbarcelona.com\\\/ca\\\/politica-de-privacitat\\\/#primaryimage\",\"url\":\"https:\\\/\\\/hotelgrumsbarcelona.com\\\/wp-content\\\/uploads\\\/2025\\\/02\\\/ce84b053-6b65-49bd-a622-79d23a713f8a-768.webp\",\"contentUrl\":\"https:\\\/\\\/hotelgrumsbarcelona.com\\\/wp-content\\\/uploads\\\/2025\\\/02\\\/ce84b053-6b65-49bd-a622-79d23a713f8a-768.webp\",\"width\":768,\"height\":513},{\"@type\":\"BreadcrumbList\",\"@id\":\"https:\\\/\\\/hotelgrumsbarcelona.com\\\/ca\\\/politica-de-privacitat\\\/#breadcrumb\",\"itemListElement\":[{\"@type\":\"ListItem\",\"position\":1,\"name\":\"Portada\",\"item\":\"https:\\\/\\\/hotelgrumsbarcelona.com\\\/\"},{\"@type\":\"ListItem\",\"position\":2,\"name\":\"Pol\u00edtica de privacitat\"}]},{\"@type\":\"WebSite\",\"@id\":\"https:\\\/\\\/hotelgrumsbarcelona.com\\\/#website\",\"url\":\"https:\\\/\\\/hotelgrumsbarcelona.com\\\/\",\"name\":\"Hotel Grums & SPA Barcelona\",\"description\":\"Hotel Grums &amp; SPA en Barcelona. Hotel c\u00e9ntrico en Barcelona\",\"publisher\":{\"@id\":\"https:\\\/\\\/hotelgrumsbarcelona.com\\\/#organization\"},\"alternateName\":\"Hotel Grums & SPA Barcelona\",\"potentialAction\":[{\"@type\":\"SearchAction\",\"target\":{\"@type\":\"EntryPoint\",\"urlTemplate\":\"https:\\\/\\\/hotelgrumsbarcelona.com\\\/?s={search_term_string}\"},\"query-input\":{\"@type\":\"PropertyValueSpecification\",\"valueRequired\":true,\"valueName\":\"search_term_string\"}}],\"inLanguage\":\"ca\"},{\"@type\":\"Organization\",\"@id\":\"https:\\\/\\\/hotelgrumsbarcelona.com\\\/#organization\",\"name\":\"Hotel Grums Barcelona\",\"url\":\"https:\\\/\\\/hotelgrumsbarcelona.com\\\/\",\"logo\":{\"@type\":\"ImageObject\",\"inLanguage\":\"ca\",\"@id\":\"https:\\\/\\\/hotelgrumsbarcelona.com\\\/#\\\/schema\\\/logo\\\/image\\\/\",\"url\":\"https:\\\/\\\/hotelgrumsbarcelona.com\\\/wp-content\\\/uploads\\\/2025\\\/01\\\/cropped-Recurso-21.png\",\"contentUrl\":\"https:\\\/\\\/hotelgrumsbarcelona.com\\\/wp-content\\\/uploads\\\/2025\\\/01\\\/cropped-Recurso-21.png\",\"width\":512,\"height\":512,\"caption\":\"Hotel Grums Barcelona\"},\"image\":{\"@id\":\"https:\\\/\\\/hotelgrumsbarcelona.com\\\/#\\\/schema\\\/logo\\\/image\\\/\"},\"sameAs\":[\"https:\\\/\\\/www.facebook.com\\\/HotelGrumsBarcelona\\\/\",\"https:\\\/\\\/x.com\\\/grumsbarcelona\",\"https:\\\/\\\/www.instagram.com\\\/grumshotelspa\\\/\"]}]}<\/script>\n<!-- \/ Yoast SEO plugin. -->","yoast_head_json":{"title":"Pol\u00edtica de privacitat","description":"Pol\u00edtica de privadesa d'Hotel Grums and SPA Barcelona","robots":{"index":"index","follow":"follow","max-snippet":"max-snippet:-1","max-image-preview":"max-image-preview:large","max-video-preview":"max-video-preview:-1"},"canonical":"https:\/\/hotelgrumsbarcelona.com\/ca\/politica-de-privacitat\/","og_locale":"ca_ES","og_type":"article","og_title":"Pol\u00edtica de privacitat","og_description":"Pol\u00edtica de privadesa d'Hotel Grums and SPA Barcelona","og_url":"https:\/\/hotelgrumsbarcelona.com\/ca\/politica-de-privacitat\/","og_site_name":"Grums","article_publisher":"https:\/\/www.facebook.com\/HotelGrumsBarcelona\/","article_modified_time":"2025-07-18T17:07:34+00:00","og_image":[{"width":768,"height":513,"url":"https:\/\/hotelgrumsbarcelona.com\/wp-content\/uploads\/2025\/02\/ce84b053-6b65-49bd-a622-79d23a713f8a-768.webp","type":"image\/webp"}],"twitter_card":"summary_large_image","twitter_site":"@grumsbarcelona","twitter_misc":{"Temps estimat de lectura":"2 minuts"},"schema":{"@context":"https:\/\/schema.org","@graph":[{"@type":"WebPage","@id":"https:\/\/hotelgrumsbarcelona.com\/ca\/politica-de-privacitat\/","url":"https:\/\/hotelgrumsbarcelona.com\/ca\/politica-de-privacitat\/","name":"Pol\u00edtica de privacitat","isPartOf":{"@id":"https:\/\/hotelgrumsbarcelona.com\/#website"},"primaryImageOfPage":{"@id":"https:\/\/hotelgrumsbarcelona.com\/ca\/politica-de-privacitat\/#primaryimage"},"image":{"@id":"https:\/\/hotelgrumsbarcelona.com\/ca\/politica-de-privacitat\/#primaryimage"},"thumbnailUrl":"https:\/\/hotelgrumsbarcelona.com\/wp-content\/uploads\/2025\/02\/ce84b053-6b65-49bd-a622-79d23a713f8a-768.webp","datePublished":"2025-01-17T13:33:48+00:00","dateModified":"2025-07-18T17:07:34+00:00","description":"Pol\u00edtica de privadesa d'Hotel Grums and SPA Barcelona","breadcrumb":{"@id":"https:\/\/hotelgrumsbarcelona.com\/ca\/politica-de-privacitat\/#breadcrumb"},"inLanguage":"ca","potentialAction":[{"@type":"ReadAction","target":["https:\/\/hotelgrumsbarcelona.com\/ca\/politica-de-privacitat\/"]}]},{"@type":"ImageObject","inLanguage":"ca","@id":"https:\/\/hotelgrumsbarcelona.com\/ca\/politica-de-privacitat\/#primaryimage","url":"https:\/\/hotelgrumsbarcelona.com\/wp-content\/uploads\/2025\/02\/ce84b053-6b65-49bd-a622-79d23a713f8a-768.webp","contentUrl":"https:\/\/hotelgrumsbarcelona.com\/wp-content\/uploads\/2025\/02\/ce84b053-6b65-49bd-a622-79d23a713f8a-768.webp","width":768,"height":513},{"@type":"BreadcrumbList","@id":"https:\/\/hotelgrumsbarcelona.com\/ca\/politica-de-privacitat\/#breadcrumb","itemListElement":[{"@type":"ListItem","position":1,"name":"Portada","item":"https:\/\/hotelgrumsbarcelona.com\/"},{"@type":"ListItem","position":2,"name":"Pol\u00edtica de privacitat"}]},{"@type":"WebSite","@id":"https:\/\/hotelgrumsbarcelona.com\/#website","url":"https:\/\/hotelgrumsbarcelona.com\/","name":"Hotel Grums & SPA Barcelona","description":"Hotel Grums &amp; SPA en Barcelona. Hotel c\u00e9ntrico en Barcelona","publisher":{"@id":"https:\/\/hotelgrumsbarcelona.com\/#organization"},"alternateName":"Hotel Grums & SPA Barcelona","potentialAction":[{"@type":"SearchAction","target":{"@type":"EntryPoint","urlTemplate":"https:\/\/hotelgrumsbarcelona.com\/?s={search_term_string}"},"query-input":{"@type":"PropertyValueSpecification","valueRequired":true,"valueName":"search_term_string"}}],"inLanguage":"ca"},{"@type":"Organization","@id":"https:\/\/hotelgrumsbarcelona.com\/#organization","name":"Hotel Grums Barcelona","url":"https:\/\/hotelgrumsbarcelona.com\/","logo":{"@type":"ImageObject","inLanguage":"ca","@id":"https:\/\/hotelgrumsbarcelona.com\/#\/schema\/logo\/image\/","url":"https:\/\/hotelgrumsbarcelona.com\/wp-content\/uploads\/2025\/01\/cropped-Recurso-21.png","contentUrl":"https:\/\/hotelgrumsbarcelona.com\/wp-content\/uploads\/2025\/01\/cropped-Recurso-21.png","width":512,"height":512,"caption":"Hotel Grums Barcelona"},"image":{"@id":"https:\/\/hotelgrumsbarcelona.com\/#\/schema\/logo\/image\/"},"sameAs":["https:\/\/www.facebook.com\/HotelGrumsBarcelona\/","https:\/\/x.com\/grumsbarcelona","https:\/\/www.instagram.com\/grumshotelspa\/"]}]}},"_links":{"self":[{"href":"https:\/\/hotelgrumsbarcelona.com\/ca\/wp-json\/wp\/v2\/pages\/3173","targetHints":{"allow":["GET"]}}],"collection":[{"href":"https:\/\/hotelgrumsbarcelona.com\/ca\/wp-json\/wp\/v2\/pages"}],"about":[{"href":"https:\/\/hotelgrumsbarcelona.com\/ca\/wp-json\/wp\/v2\/types\/page"}],"author":[{"embeddable":true,"href":"https:\/\/hotelgrumsbarcelona.com\/ca\/wp-json\/wp\/v2\/users\/1"}],"replies":[{"embeddable":true,"href":"https:\/\/hotelgrumsbarcelona.com\/ca\/wp-json\/wp\/v2\/comments?post=3173"}],"version-history":[{"count":0,"href":"https:\/\/hotelgrumsbarcelona.com\/ca\/wp-json\/wp\/v2\/pages\/3173\/revisions"}],"wp:featuredmedia":[{"embeddable":true,"href":"https:\/\/hotelgrumsbarcelona.com\/ca\/wp-json\/wp\/v2\/media\/2704"}],"wp:attachment":[{"href":"https:\/\/hotelgrumsbarcelona.com\/ca\/wp-json\/wp\/v2\/media?parent=3173"}],"curies":[{"name":"wp","href":"https:\/\/api.w.org\/{rel}","templated":true}]}}