{"id":2703,"date":"2025-02-17T16:19:31","date_gmt":"2025-02-17T16:19:31","guid":{"rendered":"https:\/\/hotelgrumsbarcelona.com\/avis-legal\/"},"modified":"2025-03-04T16:46:41","modified_gmt":"2025-03-04T16:46:41","slug":"avis-legal","status":"publish","type":"page","link":"https:\/\/hotelgrumsbarcelona.com\/ca\/avis-legal\/","title":{"rendered":"Av\u00eds Legal"},"content":{"rendered":"\t\t<div data-elementor-type=\"wp-page\" data-elementor-id=\"2703\" class=\"elementor elementor-2703 elementor-2485\" data-elementor-post-type=\"page\">\n\t\t\t\t<div class=\"elementor-element elementor-element-36a3300 e-flex e-con-boxed e-con e-parent\" data-id=\"36a3300\" data-element_type=\"container\" data-e-type=\"container\" data-settings=\"{&quot;background_background&quot;:&quot;classic&quot;}\">\n\t\t\t\t\t<div class=\"e-con-inner\">\n\t\t\t\t<div class=\"elementor-element elementor-element-8c8fb24 elementor-widget elementor-widget-heading\" data-id=\"8c8fb24\" data-element_type=\"widget\" data-e-type=\"widget\" data-widget_type=\"heading.default\">\n\t\t\t\t<div class=\"elementor-widget-container\">\n\t\t\t\t\t<h2 class=\"elementor-heading-title elementor-size-default\">av\u00eds legal<\/h2>\t\t\t\t<\/div>\n\t\t\t\t<\/div>\n\t\t\t\t\t<\/div>\n\t\t\t\t<\/div>\n\t\t<div class=\"elementor-element elementor-element-20b2e848 e-flex e-con-boxed e-con e-parent\" data-id=\"20b2e848\" data-element_type=\"container\" data-e-type=\"container\">\n\t\t\t\t\t<div class=\"e-con-inner\">\n\t\t\t\t<div class=\"elementor-element elementor-element-3da1b686 elementor-widget elementor-widget-text-editor\" data-id=\"3da1b686\" data-element_type=\"widget\" data-e-type=\"widget\" data-widget_type=\"text-editor.default\">\n\t\t\t\t<div class=\"elementor-widget-container\">\n\t\t\t\t\t\t\t\t\t<p data-pm-slice=\"1 1 []\">AV\u00cdS LEGAL<\/p><ol start=\"1\" data-spread=\"false\"><li><p>INFORMACI\u00d3 GENERAL En compliment amb el deure informaci\u00f3 establert a la Llei 34\/2002, de Serveis de la Societat de la Informaci\u00f3 i del Comer\u00e7 Electr\u00f2nic (LSSICE), s&#8217;indiquen a continuaci\u00f3 les dades generals del titular del lloc web:<\/p><\/li><\/ol><ul data-spread=\"false\"><li><p>Titular: Foxen building S.L <\/p><\/li><li><p>Direcci\u00f3: Palaudaries 26, Barcelona 08004, Espanya<\/p><\/li><li><p>Tel\u00e8fon: +34 934 420 666<\/p><\/li><li><p>Correu electr\u00f2nic: <a>info@hotelgrums.com<\/a><\/p><\/li><li><p>NIF: B62943089<\/p><\/li><\/ul><ol start=\"2\" data-spread=\"true\"><li><p>CONDICIONS GENERALS D&#8217;\u00daS L&#8217;acc\u00e9s i l&#8217;\u00fas d&#8217;aquest lloc web atribueix la condici\u00f3 d&#8217;usuari, implicant l&#8217;acceptaci\u00f3 plena i sense reserves de les condicions d&#8217;\u00fas presents. L&#8217;usuari es compromet a fer un \u00fas adequat del lloc web d&#8217;acord amb la llei i aquestes condicions. <\/p><\/li><li><p>PROPIETAT INTEL\u00b7LECTUAL I INDUSTRIAL Tots els continguts d&#8217;aquest lloc web (textos, imatges, logotips, programari, etc.) s\u00f3n propietat de Foxen building S.L o de tercers, estant protegits per les lleis de propietat intel\u00b7lectual i industrial. Queda prohibida la reproducci\u00f3, distribuci\u00f3 o modificaci\u00f3 dels continguts esmentats sense autoritzaci\u00f3 expressa del titular. <\/p><\/li><li><p>LIMITACI\u00d3 DE RESPONSABILITAT Foxen building S.L no es responsabilitza dels danys derivats de l&#8217;\u00fas del lloc web ni de la impossibilitat d&#8217;accedir-hi. Tampoc no garanteix l&#8217;abs\u00e8ncia de virus o altres elements que puguin causar danys al sistema inform\u00e0tic de l&#8217;usuari. <\/p><\/li><li><p>POL\u00cdTICA D&#8217;ENLLA\u00c7OS Aquest lloc web pot contenir enlla\u00e7os a llocs web de tercers. Foxen building S.L no assumeix cap responsabilitat sobre els continguts o pol\u00edtiques de privadesa d&#8217;aquests llocs externs. <\/p><\/li><li><p>PROTECCI\u00d3 DE DATS PERSONALS El tractament de les dades personals dels usuaris es realitza conforme a all\u00f2 que disposa la Pol\u00edtica de Privadesa, que es troba disponible en aquest lloc web.<\/p><\/li><li><p>\u00daS DE COOKIES Aquest lloc web utilitza cookies per millorar lexperi\u00e8ncia de lusuari. L&#8217;\u00fas de cookies es regula d&#8217;acord amb el que indica la Pol\u00edtica de Cookies, accessible al lloc web. <\/p><\/li><li><p>LEGISLACI\u00d3 APLICABLE I JURISDICCI\u00d3 Aquestes condicions es regeixen per la legislaci\u00f3 espanyola. Per a la resoluci\u00f3 de qualsevol conflicte, les parts se sotmeten a la jurisdicci\u00f3 dels tribunals de Barcelona, \u200b\u200brenunciant expressament a qualsevol altre fur que els pogu\u00e9s correspondre. <\/p><\/li><li><p>CONTACTE Per a qualsevol consulta sobre aquest Av\u00eds Legal, podeu contactar amb:<\/p><\/li><\/ol><ul data-spread=\"false\"><li><p>Correu electr\u00f2nic: <a>info@hotelgrums.com<\/a><\/p><\/li><li><p>Tel\u00e8fon: +34 934 420 666<\/p><\/li><li><p>Direcci\u00f3: Palaudaries 26, Barcelona 08004, Espanya<\/p><\/li><\/ul>\t\t\t\t\t\t\t\t<\/div>\n\t\t\t\t<\/div>\n\t\t\t\t\t<\/div>\n\t\t\t\t<\/div>\n\t\t\t\t<\/div>\n\t\t","protected":false},"excerpt":{"rendered":"<p>av\u00eds legal AV\u00cdS LEGAL INFORMACI\u00d3 GENERAL En compliment amb el deure informaci\u00f3 establert a la Llei 34\/2002, de Serveis de la Societat de la Informaci\u00f3 i del Comer\u00e7 Electr\u00f2nic (LSSICE), s&#8217;indiquen a continuaci\u00f3 les dades generals del titular del lloc web: Titular: Foxen building S.L Direcci\u00f3: Palaudaries 26, Barcelona 08004, Espanya Tel\u00e8fon: +34 934 420 [&hellip;]<\/p>\n","protected":false},"author":1,"featured_media":2704,"parent":0,"menu_order":0,"comment_status":"closed","ping_status":"closed","template":"","meta":{"_monsterinsights_skip_tracking":false,"_monsterinsights_sitenote_active":false,"_monsterinsights_sitenote_note":"","_monsterinsights_sitenote_category":0,"_uf_show_specific_survey":0,"_uf_disable_surveys":false,"footnotes":""},"class_list":["post-2703","page","type-page","status-publish","has-post-thumbnail","hentry"],"yoast_head":"<!-- This site is optimized with the Yoast SEO plugin v27.3 - https:\/\/yoast.com\/product\/yoast-seo-wordpress\/ -->\n<title>Av\u00eds Legal<\/title>\n<meta name=\"description\" content=\"Av\u00eds legal pagina web d&#039;Hotel Grums Barcelona &amp; SPA\" \/>\n<meta name=\"robots\" content=\"index, follow, max-snippet:-1, max-image-preview:large, max-video-preview:-1\" \/>\n<link rel=\"canonical\" href=\"https:\/\/hotelgrumsbarcelona.com\/ca\/avis-legal\/\" \/>\n<meta property=\"og:locale\" content=\"ca_ES\" \/>\n<meta property=\"og:type\" content=\"article\" \/>\n<meta property=\"og:title\" content=\"Av\u00eds Legal\" \/>\n<meta property=\"og:description\" content=\"Av\u00eds legal pagina web d&#039;Hotel Grums Barcelona &amp; SPA\" \/>\n<meta property=\"og:url\" content=\"https:\/\/hotelgrumsbarcelona.com\/ca\/avis-legal\/\" \/>\n<meta property=\"og:site_name\" content=\"Grums\" \/>\n<meta property=\"article:publisher\" content=\"https:\/\/www.facebook.com\/HotelGrumsBarcelona\/\" \/>\n<meta property=\"article:modified_time\" content=\"2025-03-04T16:46:41+00:00\" \/>\n<meta property=\"og:image\" content=\"https:\/\/hotelgrumsbarcelona.com\/wp-content\/uploads\/2025\/02\/ce84b053-6b65-49bd-a622-79d23a713f8a-768.webp\" \/>\n\t<meta property=\"og:image:width\" content=\"768\" \/>\n\t<meta property=\"og:image:height\" content=\"513\" \/>\n\t<meta property=\"og:image:type\" content=\"image\/webp\" \/>\n<meta name=\"twitter:card\" content=\"summary_large_image\" \/>\n<meta name=\"twitter:site\" content=\"@grumsbarcelona\" \/>\n<meta name=\"twitter:label1\" content=\"Temps estimat de lectura\" \/>\n\t<meta name=\"twitter:data1\" content=\"2 minuts\" \/>\n<script type=\"application\/ld+json\" class=\"yoast-schema-graph\">{\"@context\":\"https:\\\/\\\/schema.org\",\"@graph\":[{\"@type\":\"WebPage\",\"@id\":\"https:\\\/\\\/hotelgrumsbarcelona.com\\\/ca\\\/avis-legal\\\/\",\"url\":\"https:\\\/\\\/hotelgrumsbarcelona.com\\\/ca\\\/avis-legal\\\/\",\"name\":\"Av\u00eds Legal\",\"isPartOf\":{\"@id\":\"https:\\\/\\\/hotelgrumsbarcelona.com\\\/#website\"},\"primaryImageOfPage\":{\"@id\":\"https:\\\/\\\/hotelgrumsbarcelona.com\\\/ca\\\/avis-legal\\\/#primaryimage\"},\"image\":{\"@id\":\"https:\\\/\\\/hotelgrumsbarcelona.com\\\/ca\\\/avis-legal\\\/#primaryimage\"},\"thumbnailUrl\":\"https:\\\/\\\/hotelgrumsbarcelona.com\\\/wp-content\\\/uploads\\\/2025\\\/02\\\/ce84b053-6b65-49bd-a622-79d23a713f8a-768.webp\",\"datePublished\":\"2025-02-17T16:19:31+00:00\",\"dateModified\":\"2025-03-04T16:46:41+00:00\",\"description\":\"Av\u00eds legal pagina web d'Hotel Grums Barcelona & SPA\",\"breadcrumb\":{\"@id\":\"https:\\\/\\\/hotelgrumsbarcelona.com\\\/ca\\\/avis-legal\\\/#breadcrumb\"},\"inLanguage\":\"ca\",\"potentialAction\":[{\"@type\":\"ReadAction\",\"target\":[\"https:\\\/\\\/hotelgrumsbarcelona.com\\\/ca\\\/avis-legal\\\/\"]}]},{\"@type\":\"ImageObject\",\"inLanguage\":\"ca\",\"@id\":\"https:\\\/\\\/hotelgrumsbarcelona.com\\\/ca\\\/avis-legal\\\/#primaryimage\",\"url\":\"https:\\\/\\\/hotelgrumsbarcelona.com\\\/wp-content\\\/uploads\\\/2025\\\/02\\\/ce84b053-6b65-49bd-a622-79d23a713f8a-768.webp\",\"contentUrl\":\"https:\\\/\\\/hotelgrumsbarcelona.com\\\/wp-content\\\/uploads\\\/2025\\\/02\\\/ce84b053-6b65-49bd-a622-79d23a713f8a-768.webp\",\"width\":768,\"height\":513},{\"@type\":\"BreadcrumbList\",\"@id\":\"https:\\\/\\\/hotelgrumsbarcelona.com\\\/ca\\\/avis-legal\\\/#breadcrumb\",\"itemListElement\":[{\"@type\":\"ListItem\",\"position\":1,\"name\":\"Portada\",\"item\":\"https:\\\/\\\/hotelgrumsbarcelona.com\\\/\"},{\"@type\":\"ListItem\",\"position\":2,\"name\":\"Av\u00eds Legal\"}]},{\"@type\":\"WebSite\",\"@id\":\"https:\\\/\\\/hotelgrumsbarcelona.com\\\/#website\",\"url\":\"https:\\\/\\\/hotelgrumsbarcelona.com\\\/\",\"name\":\"Hotel Grums & SPA Barcelona\",\"description\":\"Hotel Grums &amp; SPA en Barcelona. Hotel c\u00e9ntrico en Barcelona\",\"publisher\":{\"@id\":\"https:\\\/\\\/hotelgrumsbarcelona.com\\\/#organization\"},\"alternateName\":\"Hotel Grums & SPA Barcelona\",\"potentialAction\":[{\"@type\":\"SearchAction\",\"target\":{\"@type\":\"EntryPoint\",\"urlTemplate\":\"https:\\\/\\\/hotelgrumsbarcelona.com\\\/?s={search_term_string}\"},\"query-input\":{\"@type\":\"PropertyValueSpecification\",\"valueRequired\":true,\"valueName\":\"search_term_string\"}}],\"inLanguage\":\"ca\"},{\"@type\":\"Organization\",\"@id\":\"https:\\\/\\\/hotelgrumsbarcelona.com\\\/#organization\",\"name\":\"Hotel Grums Barcelona\",\"url\":\"https:\\\/\\\/hotelgrumsbarcelona.com\\\/\",\"logo\":{\"@type\":\"ImageObject\",\"inLanguage\":\"ca\",\"@id\":\"https:\\\/\\\/hotelgrumsbarcelona.com\\\/#\\\/schema\\\/logo\\\/image\\\/\",\"url\":\"https:\\\/\\\/hotelgrumsbarcelona.com\\\/wp-content\\\/uploads\\\/2025\\\/01\\\/cropped-Recurso-21.png\",\"contentUrl\":\"https:\\\/\\\/hotelgrumsbarcelona.com\\\/wp-content\\\/uploads\\\/2025\\\/01\\\/cropped-Recurso-21.png\",\"width\":512,\"height\":512,\"caption\":\"Hotel Grums Barcelona\"},\"image\":{\"@id\":\"https:\\\/\\\/hotelgrumsbarcelona.com\\\/#\\\/schema\\\/logo\\\/image\\\/\"},\"sameAs\":[\"https:\\\/\\\/www.facebook.com\\\/HotelGrumsBarcelona\\\/\",\"https:\\\/\\\/x.com\\\/grumsbarcelona\",\"https:\\\/\\\/www.instagram.com\\\/grumshotelspa\\\/\"]}]}<\/script>\n<!-- \/ Yoast SEO plugin. -->","yoast_head_json":{"title":"Av\u00eds Legal","description":"Av\u00eds legal pagina web d'Hotel Grums Barcelona & SPA","robots":{"index":"index","follow":"follow","max-snippet":"max-snippet:-1","max-image-preview":"max-image-preview:large","max-video-preview":"max-video-preview:-1"},"canonical":"https:\/\/hotelgrumsbarcelona.com\/ca\/avis-legal\/","og_locale":"ca_ES","og_type":"article","og_title":"Av\u00eds Legal","og_description":"Av\u00eds legal pagina web d'Hotel Grums Barcelona & SPA","og_url":"https:\/\/hotelgrumsbarcelona.com\/ca\/avis-legal\/","og_site_name":"Grums","article_publisher":"https:\/\/www.facebook.com\/HotelGrumsBarcelona\/","article_modified_time":"2025-03-04T16:46:41+00:00","og_image":[{"width":768,"height":513,"url":"https:\/\/hotelgrumsbarcelona.com\/wp-content\/uploads\/2025\/02\/ce84b053-6b65-49bd-a622-79d23a713f8a-768.webp","type":"image\/webp"}],"twitter_card":"summary_large_image","twitter_site":"@grumsbarcelona","twitter_misc":{"Temps estimat de lectura":"2 minuts"},"schema":{"@context":"https:\/\/schema.org","@graph":[{"@type":"WebPage","@id":"https:\/\/hotelgrumsbarcelona.com\/ca\/avis-legal\/","url":"https:\/\/hotelgrumsbarcelona.com\/ca\/avis-legal\/","name":"Av\u00eds Legal","isPartOf":{"@id":"https:\/\/hotelgrumsbarcelona.com\/#website"},"primaryImageOfPage":{"@id":"https:\/\/hotelgrumsbarcelona.com\/ca\/avis-legal\/#primaryimage"},"image":{"@id":"https:\/\/hotelgrumsbarcelona.com\/ca\/avis-legal\/#primaryimage"},"thumbnailUrl":"https:\/\/hotelgrumsbarcelona.com\/wp-content\/uploads\/2025\/02\/ce84b053-6b65-49bd-a622-79d23a713f8a-768.webp","datePublished":"2025-02-17T16:19:31+00:00","dateModified":"2025-03-04T16:46:41+00:00","description":"Av\u00eds legal pagina web d'Hotel Grums Barcelona & SPA","breadcrumb":{"@id":"https:\/\/hotelgrumsbarcelona.com\/ca\/avis-legal\/#breadcrumb"},"inLanguage":"ca","potentialAction":[{"@type":"ReadAction","target":["https:\/\/hotelgrumsbarcelona.com\/ca\/avis-legal\/"]}]},{"@type":"ImageObject","inLanguage":"ca","@id":"https:\/\/hotelgrumsbarcelona.com\/ca\/avis-legal\/#primaryimage","url":"https:\/\/hotelgrumsbarcelona.com\/wp-content\/uploads\/2025\/02\/ce84b053-6b65-49bd-a622-79d23a713f8a-768.webp","contentUrl":"https:\/\/hotelgrumsbarcelona.com\/wp-content\/uploads\/2025\/02\/ce84b053-6b65-49bd-a622-79d23a713f8a-768.webp","width":768,"height":513},{"@type":"BreadcrumbList","@id":"https:\/\/hotelgrumsbarcelona.com\/ca\/avis-legal\/#breadcrumb","itemListElement":[{"@type":"ListItem","position":1,"name":"Portada","item":"https:\/\/hotelgrumsbarcelona.com\/"},{"@type":"ListItem","position":2,"name":"Av\u00eds Legal"}]},{"@type":"WebSite","@id":"https:\/\/hotelgrumsbarcelona.com\/#website","url":"https:\/\/hotelgrumsbarcelona.com\/","name":"Hotel Grums & SPA Barcelona","description":"Hotel Grums &amp; SPA en Barcelona. Hotel c\u00e9ntrico en Barcelona","publisher":{"@id":"https:\/\/hotelgrumsbarcelona.com\/#organization"},"alternateName":"Hotel Grums & SPA Barcelona","potentialAction":[{"@type":"SearchAction","target":{"@type":"EntryPoint","urlTemplate":"https:\/\/hotelgrumsbarcelona.com\/?s={search_term_string}"},"query-input":{"@type":"PropertyValueSpecification","valueRequired":true,"valueName":"search_term_string"}}],"inLanguage":"ca"},{"@type":"Organization","@id":"https:\/\/hotelgrumsbarcelona.com\/#organization","name":"Hotel Grums Barcelona","url":"https:\/\/hotelgrumsbarcelona.com\/","logo":{"@type":"ImageObject","inLanguage":"ca","@id":"https:\/\/hotelgrumsbarcelona.com\/#\/schema\/logo\/image\/","url":"https:\/\/hotelgrumsbarcelona.com\/wp-content\/uploads\/2025\/01\/cropped-Recurso-21.png","contentUrl":"https:\/\/hotelgrumsbarcelona.com\/wp-content\/uploads\/2025\/01\/cropped-Recurso-21.png","width":512,"height":512,"caption":"Hotel Grums Barcelona"},"image":{"@id":"https:\/\/hotelgrumsbarcelona.com\/#\/schema\/logo\/image\/"},"sameAs":["https:\/\/www.facebook.com\/HotelGrumsBarcelona\/","https:\/\/x.com\/grumsbarcelona","https:\/\/www.instagram.com\/grumshotelspa\/"]}]}},"_links":{"self":[{"href":"https:\/\/hotelgrumsbarcelona.com\/ca\/wp-json\/wp\/v2\/pages\/2703","targetHints":{"allow":["GET"]}}],"collection":[{"href":"https:\/\/hotelgrumsbarcelona.com\/ca\/wp-json\/wp\/v2\/pages"}],"about":[{"href":"https:\/\/hotelgrumsbarcelona.com\/ca\/wp-json\/wp\/v2\/types\/page"}],"author":[{"embeddable":true,"href":"https:\/\/hotelgrumsbarcelona.com\/ca\/wp-json\/wp\/v2\/users\/1"}],"replies":[{"embeddable":true,"href":"https:\/\/hotelgrumsbarcelona.com\/ca\/wp-json\/wp\/v2\/comments?post=2703"}],"version-history":[{"count":0,"href":"https:\/\/hotelgrumsbarcelona.com\/ca\/wp-json\/wp\/v2\/pages\/2703\/revisions"}],"wp:featuredmedia":[{"embeddable":true,"href":"https:\/\/hotelgrumsbarcelona.com\/ca\/wp-json\/wp\/v2\/media\/2704"}],"wp:attachment":[{"href":"https:\/\/hotelgrumsbarcelona.com\/ca\/wp-json\/wp\/v2\/media?parent=2703"}],"curies":[{"name":"wp","href":"https:\/\/api.w.org\/{rel}","templated":true}]}}